{"id":2064,"date":"2019-04-21T11:47:56","date_gmt":"2019-04-21T11:47:56","guid":{"rendered":"http:\/\/uixpider.com\/ueber\/"},"modified":"2024-06-18T16:06:02","modified_gmt":"2024-06-18T16:06:02","slug":"ueber","status":"publish","type":"page","link":"https:\/\/www.the-horngroup.com\/de\/ueber\/","title":{"rendered":"\u00dcber uns"},"content":{"rendered":"\t\t<div data-elementor-type=\"wp-post\" data-elementor-id=\"2064\" class=\"elementor elementor-2064 elementor-751\">\n\t\t\t\t\t\t<section class=\"elementor-section elementor-top-section elementor-element elementor-element-fcb441e elementor-section-full_width elementor-section-height-default elementor-section-height-default\" data-id=\"fcb441e\" data-element_type=\"section\">\n\t\t\t\t\t\t<div class=\"elementor-container elementor-column-gap-default\">\n\t\t\t\t\t<div class=\"elementor-column elementor-col-50 elementor-top-column elementor-element elementor-element-ab3db96\" data-id=\"ab3db96\" data-element_type=\"column\" data-settings=\"{&quot;background_background&quot;:&quot;classic&quot;}\">\n\t\t\t<div class=\"elementor-widget-wrap elementor-element-populated\">\n\t\t\t\t\t\t<div class=\"elementor-element elementor-element-bc5d194 elementor-align-left elementor-widget elementor-widget-button\" data-id=\"bc5d194\" data-element_type=\"widget\" id=\"fkbtn\" data-widget_type=\"button.default\">\n\t\t\t\t<div class=\"elementor-widget-container\">\n\t\t\t\t\t\t\t\t\t<div class=\"elementor-button-wrapper\">\n\t\t\t\t\t<a class=\"elementor-button elementor-button-link elementor-size-md\" href=\"#\">\n\t\t\t\t\t\t<span class=\"elementor-button-content-wrapper\">\n\t\t\t\t\t\t\t\t\t<span class=\"elementor-button-text\">T\u00e9l\u00e9charger<\/span>\n\t\t\t\t\t<\/span>\n\t\t\t\t\t<\/a>\n\t\t\t\t<\/div>\n\t\t\t\t\t\t\t\t<\/div>\n\t\t\t\t<\/div>\n\t\t\t\t\t<\/div>\n\t\t<\/div>\n\t\t\t\t<div class=\"elementor-column elementor-col-50 elementor-top-column elementor-element elementor-element-a89f804\" data-id=\"a89f804\" data-element_type=\"column\">\n\t\t\t<div class=\"elementor-widget-wrap elementor-element-populated\">\n\t\t\t\t\t\t<div class=\"elementor-element elementor-element-c39af54 elementor-widget elementor-widget-text-editor\" data-id=\"c39af54\" data-element_type=\"widget\" data-widget_type=\"text-editor.default\">\n\t\t\t\t<div class=\"elementor-widget-container\">\n\t\t\t\t\t\t\t\t\t<p>Die HORNGROUP bringt Unternehmen zusammen, die Produkte und Dienstleistungen rund um das Bef\u00fcllen, Steuern und Austauschen von Betriebsstoffen, Gasen und anderen Medien anbieten. Zu den Hauptanwendern z\u00e4hlen Werkst\u00e4tten, Tankstellen, Baustellen, die Landwirtschaft und die Industrie.<\/p><p>Die verbundenen Marken COLSON, FLACO, PCL und TECALEMIT innerhalb der HORNGROUP konzentrieren sich auf Fluidmanagement, Tanksysteme, Pumpen, Messtechnik, Reifenf\u00fcll- und Luftdruckger\u00e4te. Diese Marken erg\u00e4nzen sich in ihrem Produktangebot, ihrem Marktauftritt und ihrem Marktzugang. Dar\u00fcber hinaus bieten sich Potenziale in den Bereichen Entwicklung, Einkauf und Produktionsoptimierung.<\/p><p>Durch die HORNGROUP werden die Kompetenzen geb\u00fcndelt und die Synergien der beteiligten Unternehmen gest\u00e4rkt, was zu einer erh\u00f6hten Durchschlagskraft auf dem Markt f\u00fchrt. Kunden der Unternehmen der HORNGROUP profitieren von einem ganzheitlichen Ansatz, der auf sich erg\u00e4nzende Kompetenzen zur\u00fcckgreift.<\/p><p>HORNGROUP ist eine Beteiligungsgesellschaft der im S-DAX notierten <a href=\"https:\/\/indus.de\/\" target=\"_blank\" rel=\"noopener\">INDUS HOLDING AG<\/a>. <\/p>\t\t\t\t\t\t\t\t<\/div>\n\t\t\t\t<\/div>\n\t\t\t\t<div class=\"elementor-element elementor-element-68d4ef9 elementor-widget elementor-widget-accordion\" data-id=\"68d4ef9\" data-element_type=\"widget\" data-widget_type=\"accordion.default\">\n\t\t\t\t<div class=\"elementor-widget-container\">\n\t\t\t\t\t\t\t<div class=\"elementor-accordion\">\n\t\t\t\t\t\t\t<div class=\"elementor-accordion-item\">\n\t\t\t\t\t<div id=\"elementor-tab-title-1091\" class=\"elementor-tab-title\" data-tab=\"1\" role=\"button\" aria-controls=\"elementor-tab-content-1091\" aria-expanded=\"false\">\n\t\t\t\t\t\t\t\t\t\t\t\t\t<span class=\"elementor-accordion-icon elementor-accordion-icon-left\" aria-hidden=\"true\">\n\t\t\t\t\t\t\t\t\t\t\t\t\t\t\t<span class=\"elementor-accordion-icon-closed\"><i class=\"fas fa-plus\"><\/i><\/span>\n\t\t\t\t\t\t\t\t<span class=\"elementor-accordion-icon-opened\"><i class=\"fas fa-minus\"><\/i><\/span>\n\t\t\t\t\t\t\t\t\t\t\t\t\t\t<\/span>\n\t\t\t\t\t\t\t\t\t\t\t\t<a class=\"elementor-accordion-title\" tabindex=\"0\">Was wir tun<\/a>\n\t\t\t\t\t<\/div>\n\t\t\t\t\t<div id=\"elementor-tab-content-1091\" class=\"elementor-tab-content elementor-clearfix\" data-tab=\"1\" role=\"region\" aria-labelledby=\"elementor-tab-title-1091\">Die HORNGROUP ist ein f\u00fchrender Partner f\u00fcr zukunftsorientierte Unternehmen in den Bereichen Fl\u00fcssigkeits-, Gas- und Feststoffhandling, Reifenbef\u00fcllung, Druckluftanlagen und zukunftsweisende Pumpentechnologie. Auf dem Markt heben wir uns durch unser Engagement f\u00fcr Pr\u00e4zision und Effizienz hervor.<\/div>\n\t\t\t\t<\/div>\n\t\t\t\t\t\t\t<div class=\"elementor-accordion-item\">\n\t\t\t\t\t<div id=\"elementor-tab-title-1092\" class=\"elementor-tab-title\" data-tab=\"2\" role=\"button\" aria-controls=\"elementor-tab-content-1092\" aria-expanded=\"false\">\n\t\t\t\t\t\t\t\t\t\t\t\t\t<span class=\"elementor-accordion-icon elementor-accordion-icon-left\" aria-hidden=\"true\">\n\t\t\t\t\t\t\t\t\t\t\t\t\t\t\t<span class=\"elementor-accordion-icon-closed\"><i class=\"fas fa-plus\"><\/i><\/span>\n\t\t\t\t\t\t\t\t<span class=\"elementor-accordion-icon-opened\"><i class=\"fas fa-minus\"><\/i><\/span>\n\t\t\t\t\t\t\t\t\t\t\t\t\t\t<\/span>\n\t\t\t\t\t\t\t\t\t\t\t\t<a class=\"elementor-accordion-title\" tabindex=\"0\">Warum wir das tun <\/a>\n\t\t\t\t\t<\/div>\n\t\t\t\t\t<div id=\"elementor-tab-content-1092\" class=\"elementor-tab-content elementor-clearfix\" data-tab=\"2\" role=\"region\" aria-labelledby=\"elementor-tab-title-1092\">Die <a href=\"https:\/\/indus.de\/\" target=\"_blank\" rel=\"noopener\">INDUS HOLDING AG<\/a> hat sich auf langfristige Beteiligungen an zukunftsf\u00e4higen mittelst\u00e4ndischen Unternehmen (KMU) spezialisiert und f\u00f6rdert aktiv ihr Wachstum und ihre Entwicklung. Innerhalb des INDUS-Portfolios bietet die HORNGROUP f\u00fchrenden Unternehmen der Fl\u00fcssig-, Gas- und Feststoffindustrie eine stabile Umgebung, um ihre individuelle Identit\u00e4t und operative Eigenst\u00e4ndigkeit zu bewahren und ihren Erfolgskurs fortzusetzen.<\/div>\n\t\t\t\t<\/div>\n\t\t\t\t\t\t\t<div class=\"elementor-accordion-item\">\n\t\t\t\t\t<div id=\"elementor-tab-title-1093\" class=\"elementor-tab-title\" data-tab=\"3\" role=\"button\" aria-controls=\"elementor-tab-content-1093\" aria-expanded=\"false\">\n\t\t\t\t\t\t\t\t\t\t\t\t\t<span class=\"elementor-accordion-icon elementor-accordion-icon-left\" aria-hidden=\"true\">\n\t\t\t\t\t\t\t\t\t\t\t\t\t\t\t<span class=\"elementor-accordion-icon-closed\"><i class=\"fas fa-plus\"><\/i><\/span>\n\t\t\t\t\t\t\t\t<span class=\"elementor-accordion-icon-opened\"><i class=\"fas fa-minus\"><\/i><\/span>\n\t\t\t\t\t\t\t\t\t\t\t\t\t\t<\/span>\n\t\t\t\t\t\t\t\t\t\t\t\t<a class=\"elementor-accordion-title\" tabindex=\"0\">Wie wir es tun<\/a>\n\t\t\t\t\t<\/div>\n\t\t\t\t\t<div id=\"elementor-tab-content-1093\" class=\"elementor-tab-content elementor-clearfix\" data-tab=\"3\" role=\"region\" aria-labelledby=\"elementor-tab-title-1093\">In der HORNGROUP treiben wir Innovationen durch Technologie und Partnerschaften voran. Wir bieten innovative L\u00f6sungen f\u00fcr die Handhabung von Fl\u00fcssigkeiten, Gasen, Feststoffen und anderen Medien. Unser kontinuierliches Streben nach Qualit\u00e4t, Zuverl\u00e4ssigkeit und Nachhaltigkeit f\u00f6rdert den Fortschritt in der Branche. Dabei legen wir besonderen Wert auf Sicherheit, Pr\u00e4zision und Umweltschutz.<\/div>\n\t\t\t\t<\/div>\n\t\t\t\t\t\t\t\t<\/div>\n\t\t\t\t\t\t<\/div>\n\t\t\t\t<\/div>\n\t\t\t\t\t<\/div>\n\t\t<\/div>\n\t\t\t\t\t<\/div>\n\t\t<\/section>\n\t\t\t\t<section class=\"elementor-section elementor-top-section elementor-element elementor-element-c4a8714 elementor-hidden-phone elementor-section-boxed elementor-section-height-default elementor-section-height-default\" data-id=\"c4a8714\" data-element_type=\"section\">\n\t\t\t\t\t\t<div class=\"elementor-container elementor-column-gap-default\">\n\t\t\t\t\t<div class=\"elementor-column elementor-col-100 elementor-top-column elementor-element elementor-element-e423bce\" data-id=\"e423bce\" data-element_type=\"column\">\n\t\t\t<div class=\"elementor-widget-wrap elementor-element-populated\">\n\t\t\t\t\t\t<div class=\"elementor-element elementor-element-c132e04 elementor-widget elementor-widget-induxo-title\" data-id=\"c132e04\" data-element_type=\"widget\" data-widget_type=\"induxo-title.default\">\n\t\t\t\t<div class=\"elementor-widget-container\">\n\t\t\t\t\t         <div class=\"section-heading-content\">\n                     <h2 class=\"section-title title-\">\n                 <span>Betriebsstandorte<\/span>             <\/h2>\n         <\/div><!-- Section title -->\t\t\n         \n\n     \n    \t\t\t\t<\/div>\n\t\t\t\t<\/div>\n\t\t\t\t\t<\/div>\n\t\t<\/div>\n\t\t\t\t\t<\/div>\n\t\t<\/section>\n\t\t\t\t<section class=\"elementor-section elementor-top-section elementor-element elementor-element-ee9a79b elementor-section-boxed elementor-section-height-default elementor-section-height-default\" data-id=\"ee9a79b\" data-element_type=\"section\">\n\t\t\t\t\t\t<div class=\"elementor-container elementor-column-gap-no\">\n\t\t\t\t\t<div class=\"elementor-column elementor-col-100 elementor-top-column elementor-element elementor-element-62e4397\" data-id=\"62e4397\" data-element_type=\"column\">\n\t\t\t<div class=\"elementor-widget-wrap elementor-element-populated\">\n\t\t\t\t\t\t<div class=\"elementor-element elementor-element-68c7f4d elementor-widget elementor-widget-induxo-operate-locations\" data-id=\"68c7f4d\" data-element_type=\"widget\" data-widget_type=\"induxo-operate-locations.default\">\n\t\t\t\t<div class=\"elementor-widget-container\">\n\t\t\t\t\t     \n     <div class=\"location-wrapper\">\n         <div class=\"map-image\">\n            <img decoding=\"async\" class=\"img-fluid\" src=\"https:\/\/the-horngroup.com\/wp-content\/uploads\/2024\/02\/map-locations-horngroup.png\" alt=\"map \">\n         <\/div>\n             \n          \n              <div  class=\"location elementor-repeater-item-b9998dc\" data-placement=\"left\" data-toggle=\"tooltip\" data-html=\"true\" title=\"<h2 class='location-name'> <\/h2> <p class='location-des'>  <\/p> <p class='location-des'> Tel:  <br\/>Email:  <\/p>\" >\n                 <div class=\"location_indicator indicator-1\"><\/div>\n              <\/div>\n             \n   \n      <\/div>  \n\n     \n    \t\t\t\t<\/div>\n\t\t\t\t<\/div>\n\t\t\t\t\t<\/div>\n\t\t<\/div>\n\t\t\t\t\t<\/div>\n\t\t<\/section>\n\t\t\t\t<\/div>\n\t\t","protected":false},"excerpt":{"rendered":"<p>T\u00e9l\u00e9charger Die HORNGROUP bringt Unternehmen zusammen, die Produkte und Dienstleistungen rund um das Bef\u00fcllen, Steuern und Austauschen von Betriebsstoffen, Gasen und anderen Medien anbieten. Zu den Hauptanwendern z\u00e4hlen Werkst\u00e4tten, Tankstellen, Baustellen, die Landwirtschaft und die Industrie. Die verbundenen Marken COLSON, FLACO, PCL und TECALEMIT innerhalb der HORNGROUP konzentrieren sich auf Fluidmanagement, Tanksysteme, Pumpen, Messtechnik, Reifenf\u00fcll- [&hellip;]<\/p>\n","protected":false},"author":2,"featured_media":0,"parent":0,"menu_order":0,"comment_status":"closed","ping_status":"closed","template":"elementor_header_footer","meta":{"footnotes":""},"class_list":["post-2064","page","type-page","status-publish","hentry"],"_links":{"self":[{"href":"https:\/\/www.the-horngroup.com\/de\/wp-json\/wp\/v2\/pages\/2064","targetHints":{"allow":["GET"]}}],"collection":[{"href":"https:\/\/www.the-horngroup.com\/de\/wp-json\/wp\/v2\/pages"}],"about":[{"href":"https:\/\/www.the-horngroup.com\/de\/wp-json\/wp\/v2\/types\/page"}],"author":[{"embeddable":true,"href":"https:\/\/www.the-horngroup.com\/de\/wp-json\/wp\/v2\/users\/2"}],"replies":[{"embeddable":true,"href":"https:\/\/www.the-horngroup.com\/de\/wp-json\/wp\/v2\/comments?post=2064"}],"version-history":[{"count":3,"href":"https:\/\/www.the-horngroup.com\/de\/wp-json\/wp\/v2\/pages\/2064\/revisions"}],"predecessor-version":[{"id":4033,"href":"https:\/\/www.the-horngroup.com\/de\/wp-json\/wp\/v2\/pages\/2064\/revisions\/4033"}],"wp:attachment":[{"href":"https:\/\/www.the-horngroup.com\/de\/wp-json\/wp\/v2\/media?parent=2064"}],"curies":[{"name":"wp","href":"https:\/\/api.w.org\/{rel}","templated":true}]}}