{"id":3208,"date":"2019-04-24T10:53:53","date_gmt":"2019-04-24T10:53:53","guid":{"rendered":"https:\/\/the-horngroup.com\/horngroup-struktur\/"},"modified":"2025-12-02T08:18:54","modified_gmt":"2025-12-02T08:18:54","slug":"horngroup-struktur","status":"publish","type":"page","link":"https:\/\/www.the-horngroup.com\/de\/horngroup-struktur\/","title":{"rendered":"HornGroup Struktur"},"content":{"rendered":"\t\t<div data-elementor-type=\"wp-post\" data-elementor-id=\"3208\" class=\"elementor elementor-3208 elementor-1159\">\n\t\t\t\t\t\t<section class=\"elementor-section elementor-top-section elementor-element elementor-element-3ac3cd3 elementor-section-boxed elementor-section-height-default elementor-section-height-default\" data-id=\"3ac3cd3\" data-element_type=\"section\">\n\t\t\t\t\t\t<div class=\"elementor-container elementor-column-gap-default\">\n\t\t\t\t\t<div class=\"elementor-column elementor-col-100 elementor-top-column elementor-element elementor-element-567fcc3\" data-id=\"567fcc3\" data-element_type=\"column\">\n\t\t\t<div class=\"elementor-widget-wrap elementor-element-populated\">\n\t\t\t\t\t\t<div class=\"elementor-element elementor-element-12ae926 elementor-widget elementor-widget-induxo-title\" data-id=\"12ae926\" data-element_type=\"widget\" data-widget_type=\"induxo-title.default\">\n\t\t\t\t<div class=\"elementor-widget-container\">\n\t\t\t\t\t         <div class=\"section-heading-content\">\n                     <h2 class=\"section-title title-left\">\n                 <span>HornGroup<\/span> Struktur            <\/h2>\n         <\/div><!-- Section title -->\t\t\n         \n\n     \n    \t\t\t\t<\/div>\n\t\t\t\t<\/div>\n\t\t\t\t<div class=\"elementor-element elementor-element-6221484 elementor-widget elementor-widget-text-editor\" data-id=\"6221484\" data-element_type=\"widget\" data-widget_type=\"text-editor.default\">\n\t\t\t\t<div class=\"elementor-widget-container\">\n\t\t\t\t\t\t\t\t\tDie HORNGROUP besteht aus strategisch positionierten Marken, die jeweils unterschiedliche L\u00f6sungen anbieten. Durch unsere Zusammenarbeit st\u00e4rken wir kontinuierlich unsere St\u00e4rken und Marktpr\u00e4senz, was Innovation und Wachstum f\u00f6rdert. Durch die Nutzung gemeinsamer Ressourcen und Synergien innerhalb jeder Marke streben wir gemeinsamen Erfolg an und schaffen Mehrwert f\u00fcr unsere Kunden und Interessengruppen.\t\t\t\t\t\t\t\t<\/div>\n\t\t\t\t<\/div>\n\t\t\t\t<div class=\"elementor-element elementor-element-a3c0433 elementor-widget elementor-widget-image\" data-id=\"a3c0433\" data-element_type=\"widget\" data-widget_type=\"image.default\">\n\t\t\t\t<div class=\"elementor-widget-container\">\n\t\t\t\t\t\t\t\t\t\t\t\t\t\t\t<img fetchpriority=\"high\" decoding=\"async\" width=\"1920\" height=\"838\" src=\"https:\/\/www.the-horngroup.com\/wp-content\/uploads\/2025\/12\/2025_horngroup_structure.png\" class=\"attachment-full size-full wp-image-4747\" alt=\"\" srcset=\"https:\/\/www.the-horngroup.com\/wp-content\/uploads\/2025\/12\/2025_horngroup_structure.png 1920w, https:\/\/www.the-horngroup.com\/wp-content\/uploads\/2025\/12\/2025_horngroup_structure-300x131.png 300w, https:\/\/www.the-horngroup.com\/wp-content\/uploads\/2025\/12\/2025_horngroup_structure-1024x447.png 1024w, https:\/\/www.the-horngroup.com\/wp-content\/uploads\/2025\/12\/2025_horngroup_structure-768x335.png 768w, https:\/\/www.the-horngroup.com\/wp-content\/uploads\/2025\/12\/2025_horngroup_structure-1536x670.png 1536w\" sizes=\"(max-width: 1920px) 100vw, 1920px\" \/>\t\t\t\t\t\t\t\t\t\t\t\t\t\t\t<\/div>\n\t\t\t\t<\/div>\n\t\t\t\t\t<\/div>\n\t\t<\/div>\n\t\t\t\t\t<\/div>\n\t\t<\/section>\n\t\t\t\t<\/div>\n\t\t","protected":false},"excerpt":{"rendered":"<p>HornGroup Struktur Die HORNGROUP besteht aus strategisch positionierten Marken, die jeweils unterschiedliche L\u00f6sungen anbieten. Durch unsere Zusammenarbeit st\u00e4rken wir kontinuierlich unsere St\u00e4rken und Marktpr\u00e4senz, was Innovation und Wachstum f\u00f6rdert. Durch die Nutzung gemeinsamer Ressourcen und Synergien innerhalb jeder Marke streben wir gemeinsamen Erfolg an und schaffen Mehrwert f\u00fcr unsere Kunden und Interessengruppen.<\/p>\n","protected":false},"author":2,"featured_media":0,"parent":0,"menu_order":0,"comment_status":"closed","ping_status":"closed","template":"template\/full-width-template.php","meta":{"footnotes":""},"class_list":["post-3208","page","type-page","status-publish","hentry"],"_links":{"self":[{"href":"https:\/\/www.the-horngroup.com\/de\/wp-json\/wp\/v2\/pages\/3208","targetHints":{"allow":["GET"]}}],"collection":[{"href":"https:\/\/www.the-horngroup.com\/de\/wp-json\/wp\/v2\/pages"}],"about":[{"href":"https:\/\/www.the-horngroup.com\/de\/wp-json\/wp\/v2\/types\/page"}],"author":[{"embeddable":true,"href":"https:\/\/www.the-horngroup.com\/de\/wp-json\/wp\/v2\/users\/2"}],"replies":[{"embeddable":true,"href":"https:\/\/www.the-horngroup.com\/de\/wp-json\/wp\/v2\/comments?post=3208"}],"version-history":[{"count":3,"href":"https:\/\/www.the-horngroup.com\/de\/wp-json\/wp\/v2\/pages\/3208\/revisions"}],"predecessor-version":[{"id":4774,"href":"https:\/\/www.the-horngroup.com\/de\/wp-json\/wp\/v2\/pages\/3208\/revisions\/4774"}],"wp:attachment":[{"href":"https:\/\/www.the-horngroup.com\/de\/wp-json\/wp\/v2\/media?parent=3208"}],"curies":[{"name":"wp","href":"https:\/\/api.w.org\/{rel}","templated":true}]}}