{"id":3212,"date":"2024-02-05T23:35:21","date_gmt":"2024-02-05T23:35:21","guid":{"rendered":"https:\/\/the-horngroup.com\/verwaltung\/"},"modified":"2025-10-17T06:56:15","modified_gmt":"2025-10-17T06:56:15","slug":"verwaltung","status":"publish","type":"page","link":"https:\/\/www.the-horngroup.com\/de\/verwaltung\/","title":{"rendered":"Verwaltung"},"content":{"rendered":"\t\t<div data-elementor-type=\"wp-page\" data-elementor-id=\"3212\" class=\"elementor elementor-3212 elementor-1639\">\n\t\t\t\t\t\t<section class=\"elementor-section elementor-top-section elementor-element elementor-element-1f79046 elementor-section-full_width elementor-section-height-default elementor-section-height-default\" data-id=\"1f79046\" data-element_type=\"section\" id=\"mainsliderhorn\">\n\t\t\t\t\t\t<div class=\"elementor-container elementor-column-gap-no\">\n\t\t\t\t\t<div class=\"elementor-column elementor-col-100 elementor-top-column elementor-element elementor-element-1d294fc\" data-id=\"1d294fc\" data-element_type=\"column\">\n\t\t\t<div class=\"elementor-widget-wrap\">\n\t\t\t\t\t\t\t<\/div>\n\t\t<\/div>\n\t\t\t\t\t<\/div>\n\t\t<\/section>\n\t\t\t\t<section class=\"elementor-section elementor-top-section elementor-element elementor-element-127dced elementor-section-full_width elementor-section-height-default elementor-section-height-default\" data-id=\"127dced\" data-element_type=\"section\" id=\"engbnr\">\n\t\t\t\t\t\t<div class=\"elementor-container elementor-column-gap-no\">\n\t\t\t\t\t<div class=\"elementor-column elementor-col-100 elementor-top-column elementor-element elementor-element-5b35d29\" data-id=\"5b35d29\" data-element_type=\"column\">\n\t\t\t<div class=\"elementor-widget-wrap elementor-element-populated\">\n\t\t\t\t\t\t<div class=\"elementor-element elementor-element-97ce376 elementor-hidden-tablet elementor-hidden-mobile elementor-widget elementor-widget-induxo-slider\" data-id=\"97ce376\" data-element_type=\"widget\" data-widget_type=\"induxo-slider.default\">\n\t\t\t\t<div class=\"elementor-widget-container\">\n\t\t\t\t\t\n<div class=\"hero-area owl-carousel owl-theme\" data-controls=\"{&quot;show_nav&quot;:true,&quot;auto_nav_slide&quot;:&quot;&quot;}\">\n    \n      <div class=\"slider-item\" style=\"background-image:url(https:\/\/the-horngroup.com\/wp-content\/uploads\/2024\/02\/web-banner-horngroup-jpeg.jpg)\">\n        <div class=\"slider-table\">\n            <div class=\"slider-table-cell\">\n                    <div class=\"container\">\n                        <div class=\"row \">\n                            <div class=\"col-lg-7 mx-auto text-center\">\n                            <div class=\"slider-content\">\n                                <small class=\"slider-info\">\n                                                                \n                                <\/small>\n                                <h1 class=\"slider-title\">\n                                                                    <\/h1>\n\n                                                                <div class=\"slider-btn-area\">\n                                <a href=\"\" class=\"btn\">\n                                                                            <\/a>\n                                <\/div>\n                                                            <\/div>\n                            <!-- slider content wrap end -->\n                            <\/div><!-- col end-->\n                            \n                        <\/div><!-- row end-->\n                <\/div>\n                <!-- Container end -->  \n            <\/div>\n        <\/div>\n      <\/div>\n\n        <\/div>\n    \n    \n     \n        \t\t\t\t<\/div>\n\t\t\t\t<\/div>\n\t\t\t\t<div class=\"elementor-element elementor-element-ec9e18b elementor-widget-mobile__width-inherit elementor-hidden-desktop elementor-widget elementor-widget-induxo-slider\" data-id=\"ec9e18b\" data-element_type=\"widget\" data-widget_type=\"induxo-slider.default\">\n\t\t\t\t<div class=\"elementor-widget-container\">\n\t\t\t\t\t\n<div class=\"hero-area owl-carousel owl-theme\" data-controls=\"{&quot;show_nav&quot;:true,&quot;auto_nav_slide&quot;:&quot;&quot;}\">\n    \n      <div class=\"slider-item\" style=\"background-image:url(https:\/\/the-horngroup.com\/wp-content\/uploads\/2024\/02\/mobile-web-banner-horngroup-08.png)\">\n        <div class=\"slider-table\">\n            <div class=\"slider-table-cell\">\n                    <div class=\"container\">\n                        <div class=\"row \">\n                            <div class=\"col-lg-7 mx-auto text-center\">\n                            <div class=\"slider-content\">\n                                <small class=\"slider-info\">\n                                                                \n                                <\/small>\n                                <h1 class=\"slider-title\">\n                                                                    <\/h1>\n\n                                                                <div class=\"slider-btn-area\">\n                                <a href=\"\" class=\"btn\">\n                                                                            <\/a>\n                                <\/div>\n                                                            <\/div>\n                            <!-- slider content wrap end -->\n                            <\/div><!-- col end-->\n                            \n                        <\/div><!-- row end-->\n                <\/div>\n                <!-- Container end -->  \n            <\/div>\n        <\/div>\n      <\/div>\n\n        <\/div>\n    \n    \n     \n        \t\t\t\t<\/div>\n\t\t\t\t<\/div>\n\t\t\t\t\t<\/div>\n\t\t<\/div>\n\t\t\t\t\t<\/div>\n\t\t<\/section>\n\t\t\t\t<section class=\"elementor-section elementor-top-section elementor-element elementor-element-d48737d elementor-section-boxed elementor-section-height-default elementor-section-height-default\" data-id=\"d48737d\" data-element_type=\"section\" id=\"joerg\" data-settings=\"{&quot;background_background&quot;:&quot;classic&quot;}\">\n\t\t\t\t\t\t<div class=\"elementor-container elementor-column-gap-default\">\n\t\t\t\t\t<div class=\"elementor-column elementor-col-33 elementor-top-column elementor-element elementor-element-ad26e86\" data-id=\"ad26e86\" data-element_type=\"column\">\n\t\t\t<div class=\"elementor-widget-wrap elementor-element-populated\">\n\t\t\t\t\t\t<div class=\"elementor-element elementor-element-f9e7eda elementor-widget__width-inherit elementor-absolute elementor-widget elementor-widget-image\" data-id=\"f9e7eda\" data-element_type=\"widget\" id=\"mngstf\" data-settings=\"{&quot;_position&quot;:&quot;absolute&quot;}\" data-widget_type=\"image.default\">\n\t\t\t\t<div class=\"elementor-widget-container\">\n\t\t\t\t\t\t\t\t\t\t\t\t\t\t\t<img fetchpriority=\"high\" decoding=\"async\" width=\"360\" height=\"400\" src=\"https:\/\/www.the-horngroup.com\/wp-content\/uploads\/2024\/04\/Joerg-F.jpg\" class=\"attachment-full size-full wp-image-2730\" alt=\"\" srcset=\"https:\/\/www.the-horngroup.com\/wp-content\/uploads\/2024\/04\/Joerg-F.jpg 360w, https:\/\/www.the-horngroup.com\/wp-content\/uploads\/2024\/04\/Joerg-F-270x300.jpg 270w\" sizes=\"(max-width: 360px) 100vw, 360px\" \/>\t\t\t\t\t\t\t\t\t\t\t\t\t\t\t<\/div>\n\t\t\t\t<\/div>\n\t\t\t\t\t<\/div>\n\t\t<\/div>\n\t\t\t\t<div class=\"elementor-column elementor-col-66 elementor-top-column elementor-element elementor-element-6859a70\" data-id=\"6859a70\" data-element_type=\"column\">\n\t\t\t<div class=\"elementor-widget-wrap elementor-element-populated\">\n\t\t\t\t\t\t<div class=\"elementor-element elementor-element-0669d72 elementor-widget elementor-widget-induxo-title\" data-id=\"0669d72\" data-element_type=\"widget\" id=\"directortitle\" data-widget_type=\"induxo-title.default\">\n\t\t\t\t<div class=\"elementor-widget-container\">\n\t\t\t\t\t         <div class=\"section-heading-content\">\n                  <small class=\"title-bg-small\"> MANAGING DIRECTOR HORNGROUP<\/small>\n                    <h2 class=\"section-title title-left\">\n                 <span>Joerg F. Mayer <\/span>            <\/h2>\n         <\/div><!-- Section title -->\t\t\n         \n\n     \n    \t\t\t\t<\/div>\n\t\t\t\t<\/div>\n\t\t\t\t<div class=\"elementor-element elementor-element-057f6cb elementor-widget elementor-widget-text-editor\" data-id=\"057f6cb\" data-element_type=\"widget\" data-widget_type=\"text-editor.default\">\n\t\t\t\t<div class=\"elementor-widget-container\">\n\t\t\t\t\t\t\t\t\t<p>Seit Beginn des Jahres 2021 ist J\u00f6rg F. Mayer (Jahrgang 1974) als Gesch\u00e4ftsf\u00fchrer der HORNGROUP Holding f\u00fcr die strategische Ausrichtung des gesamten Konzerns sowie f\u00fcr die Bereiche Finanzen &amp; Verwaltung, Einkauf, Markt- und Produktmanagement verantwortlich.<\/p><p>Bei der TECALEMIT GmbH &amp; Co. KG in Flensburg leitet Herr Mayer die Abteilungen Finanzen und Vertrieb. Zuvor war er als Gesch\u00e4ftsf\u00fchrer eines auf Holzbearbeitungsmaschinen spezialisierten Maschinenbauunternehmens t\u00e4tig und konzentrierte sich dabei auf Marktdynamik und Produktentwicklung. Von 2006 bis 2011 leitete er den Betrieb einer Produktionsst\u00e4tte in China und baute weitere internationale Tochtergesellschaften auf. Er besitzt einen Executive MBA der ESCP in Paris.   <\/p>\t\t\t\t\t\t\t\t<\/div>\n\t\t\t\t<\/div>\n\t\t\t\t\t<\/div>\n\t\t<\/div>\n\t\t\t\t\t<\/div>\n\t\t<\/section>\n\t\t\t\t<section class=\"elementor-section elementor-top-section elementor-element elementor-element-051255f elementor-section-boxed elementor-section-height-default elementor-section-height-default\" data-id=\"051255f\" data-element_type=\"section\" id=\"thomas\" data-settings=\"{&quot;background_background&quot;:&quot;classic&quot;}\">\n\t\t\t\t\t\t<div class=\"elementor-container elementor-column-gap-default\">\n\t\t\t\t\t<div class=\"elementor-column elementor-col-33 elementor-top-column elementor-element elementor-element-e3879b3\" data-id=\"e3879b3\" data-element_type=\"column\">\n\t\t\t<div class=\"elementor-widget-wrap elementor-element-populated\">\n\t\t\t\t\t\t<div class=\"elementor-element elementor-element-d6273b3 elementor-widget__width-inherit elementor-absolute elementor-widget elementor-widget-image\" data-id=\"d6273b3\" data-element_type=\"widget\" data-settings=\"{&quot;_position&quot;:&quot;absolute&quot;}\" data-widget_type=\"image.default\">\n\t\t\t\t<div class=\"elementor-widget-container\">\n\t\t\t\t\t\t\t\t\t\t\t\t\t\t\t<img decoding=\"async\" width=\"360\" height=\"400\" src=\"https:\/\/www.the-horngroup.com\/wp-content\/uploads\/2024\/04\/Thomas.jpg\" class=\"attachment-large size-large wp-image-2734\" alt=\"\" srcset=\"https:\/\/www.the-horngroup.com\/wp-content\/uploads\/2024\/04\/Thomas.jpg 360w, https:\/\/www.the-horngroup.com\/wp-content\/uploads\/2024\/04\/Thomas-270x300.jpg 270w\" sizes=\"(max-width: 360px) 100vw, 360px\" \/>\t\t\t\t\t\t\t\t\t\t\t\t\t\t\t<\/div>\n\t\t\t\t<\/div>\n\t\t\t\t\t<\/div>\n\t\t<\/div>\n\t\t\t\t<div class=\"elementor-column elementor-col-66 elementor-top-column elementor-element elementor-element-0ef9d68\" data-id=\"0ef9d68\" data-element_type=\"column\">\n\t\t\t<div class=\"elementor-widget-wrap elementor-element-populated\">\n\t\t\t\t\t\t<div class=\"elementor-element elementor-element-263af0c elementor-widget elementor-widget-induxo-title\" data-id=\"263af0c\" data-element_type=\"widget\" id=\"directortitle\" data-widget_type=\"induxo-title.default\">\n\t\t\t\t<div class=\"elementor-widget-container\">\n\t\t\t\t\t         <div class=\"section-heading-content\">\n                  <small class=\"title-bg-small\"> MANAGING DIRECTOR HORNGROUP<\/small>\n                    <h2 class=\"section-title title-left\">\n                 <span>Thomas Voigt <\/span>            <\/h2>\n         <\/div><!-- Section title -->\t\t\n         \n\n     \n    \t\t\t\t<\/div>\n\t\t\t\t<\/div>\n\t\t\t\t<div class=\"elementor-element elementor-element-dab7207 elementor-widget elementor-widget-text-editor\" data-id=\"dab7207\" data-element_type=\"widget\" data-widget_type=\"text-editor.default\">\n\t\t\t\t<div class=\"elementor-widget-container\">\n\t\t\t\t\t\t\t\t\t<p>Thomas Voigt (Jahrgang 1960) ist seit Anfang August 2021 Gesch\u00e4ftsf\u00fchrer der HORNGROUP Holding und leitet die Bereiche Produktion, Technik &amp; Entwicklung sowie Logistik &amp; Materialwirtschaft.<\/p><p>Als gesch\u00e4ftsf\u00fchrender Gesellschafter leitet Herr Voigt die FLACO-GmbH seit 2012, nachdem das Unternehmen im Juli 2021 mehrheitlich von der HORNGROUP \u00fcbernommen wurde. Von 2006 bis 2012 hat er als Nachfolger des Firmengr\u00fcnders ein bedeutendes metallverarbeitendes Unternehmen gelenkt und weiterentwickelt und es durch einen strategischen M&amp;A-Prozess gef\u00fchrt. Nach einer Lehre als Werkzeugmacher und einem Abschluss als Diplom-Ingenieur sammelte Herr Voigt von 1986 bis 2006 umfangreiche Erfahrungen und stieg in immer verantwortungsvollere Positionen auf, die er als Produktionsleiter und sp\u00e4ter als Gesch\u00e4ftsf\u00fchrer in einem mittelst\u00e4ndischen Unternehmen der Fluidtechnik abschloss.  <\/p>\t\t\t\t\t\t\t\t<\/div>\n\t\t\t\t<\/div>\n\t\t\t\t\t<\/div>\n\t\t<\/div>\n\t\t\t\t\t<\/div>\n\t\t<\/section>\n\t\t\t\t<\/div>\n\t\t","protected":false},"excerpt":{"rendered":"<p>MANAGING DIRECTOR HORNGROUP Joerg F. Mayer Seit Beginn des Jahres 2021 ist J\u00f6rg F. Mayer (Jahrgang 1974) als Gesch\u00e4ftsf\u00fchrer der HORNGROUP Holding f\u00fcr die strategische Ausrichtung des gesamten Konzerns sowie f\u00fcr die Bereiche Finanzen &amp; Verwaltung, Einkauf, Markt- und Produktmanagement verantwortlich. Bei der TECALEMIT GmbH &amp; Co. KG in Flensburg leitet Herr Mayer die Abteilungen [&hellip;]<\/p>\n","protected":false},"author":2,"featured_media":0,"parent":0,"menu_order":0,"comment_status":"closed","ping_status":"closed","template":"template\/full-width-template.php","meta":{"footnotes":""},"class_list":["post-3212","page","type-page","status-publish","hentry"],"_links":{"self":[{"href":"https:\/\/www.the-horngroup.com\/de\/wp-json\/wp\/v2\/pages\/3212","targetHints":{"allow":["GET"]}}],"collection":[{"href":"https:\/\/www.the-horngroup.com\/de\/wp-json\/wp\/v2\/pages"}],"about":[{"href":"https:\/\/www.the-horngroup.com\/de\/wp-json\/wp\/v2\/types\/page"}],"author":[{"embeddable":true,"href":"https:\/\/www.the-horngroup.com\/de\/wp-json\/wp\/v2\/users\/2"}],"replies":[{"embeddable":true,"href":"https:\/\/www.the-horngroup.com\/de\/wp-json\/wp\/v2\/comments?post=3212"}],"version-history":[{"count":3,"href":"https:\/\/www.the-horngroup.com\/de\/wp-json\/wp\/v2\/pages\/3212\/revisions"}],"predecessor-version":[{"id":4644,"href":"https:\/\/www.the-horngroup.com\/de\/wp-json\/wp\/v2\/pages\/3212\/revisions\/4644"}],"wp:attachment":[{"href":"https:\/\/www.the-horngroup.com\/de\/wp-json\/wp\/v2\/media?parent=3212"}],"curies":[{"name":"wp","href":"https:\/\/api.w.org\/{rel}","templated":true}]}}