{"id":3240,"date":"2024-02-05T23:47:13","date_gmt":"2024-02-05T23:47:13","guid":{"rendered":"https:\/\/the-horngroup.com\/unternehmensfuehrung\/"},"modified":"2025-11-21T13:10:23","modified_gmt":"2025-11-21T13:10:23","slug":"unternehmensfuehrung","status":"publish","type":"page","link":"https:\/\/www.the-horngroup.com\/de\/unternehmensfuehrung\/","title":{"rendered":"Unternehmensf\u00fchrung"},"content":{"rendered":"\t\t<div data-elementor-type=\"wp-page\" data-elementor-id=\"3240\" class=\"elementor elementor-3240 elementor-1655\">\n\t\t\t\t\t\t<section class=\"elementor-section elementor-top-section elementor-element elementor-element-1f79046 elementor-section-full_width elementor-section-height-default elementor-section-height-default\" data-id=\"1f79046\" data-element_type=\"section\" id=\"mainsliderhorn\">\n\t\t\t\t\t\t<div class=\"elementor-container elementor-column-gap-no\">\n\t\t\t\t\t<div class=\"elementor-column elementor-col-100 elementor-top-column elementor-element elementor-element-1d294fc\" data-id=\"1d294fc\" data-element_type=\"column\">\n\t\t\t<div class=\"elementor-widget-wrap\">\n\t\t\t\t\t\t\t<\/div>\n\t\t<\/div>\n\t\t\t\t\t<\/div>\n\t\t<\/section>\n\t\t\t\t<section class=\"elementor-section elementor-top-section elementor-element elementor-element-9ff7da1 elementor-section-full_width elementor-section-height-default elementor-section-height-default\" data-id=\"9ff7da1\" data-element_type=\"section\">\n\t\t\t\t\t\t<div class=\"elementor-container elementor-column-gap-no\">\n\t\t\t\t\t<div class=\"elementor-column elementor-col-100 elementor-top-column elementor-element elementor-element-ad25e26\" data-id=\"ad25e26\" data-element_type=\"column\">\n\t\t\t<div class=\"elementor-widget-wrap elementor-element-populated\">\n\t\t\t\t\t\t<div class=\"elementor-element elementor-element-1a74ca2 elementor-hidden-tablet elementor-hidden-mobile elementor-widget elementor-widget-induxo-slider\" data-id=\"1a74ca2\" data-element_type=\"widget\" data-widget_type=\"induxo-slider.default\">\n\t\t\t\t<div class=\"elementor-widget-container\">\n\t\t\t\t\t\n<div class=\"hero-area owl-carousel owl-theme\" data-controls=\"{&quot;show_nav&quot;:true,&quot;auto_nav_slide&quot;:&quot;&quot;}\">\n    \n      <div class=\"slider-item\" style=\"background-image:url(https:\/\/the-horngroup.com\/wp-content\/uploads\/2024\/02\/web-banner-horngroup-jpeg.jpg)\">\n        <div class=\"slider-table\">\n            <div class=\"slider-table-cell\">\n                    <div class=\"container\">\n                        <div class=\"row \">\n                            <div class=\"col-lg-7 mx-auto text-center\">\n                            <div class=\"slider-content\">\n                                <small class=\"slider-info\">\n                                                                \n                                <\/small>\n                                <h1 class=\"slider-title\">\n                                                                    <\/h1>\n\n                                                                <div class=\"slider-btn-area\">\n                                <a href=\"\" class=\"btn\">\n                                                                            <\/a>\n                                <\/div>\n                                                            <\/div>\n                            <!-- slider content wrap end -->\n                            <\/div><!-- col end-->\n                            \n                        <\/div><!-- row end-->\n                <\/div>\n                <!-- Container end -->  \n            <\/div>\n        <\/div>\n      <\/div>\n\n        <\/div>\n    \n    \n     \n        \t\t\t\t<\/div>\n\t\t\t\t<\/div>\n\t\t\t\t<div class=\"elementor-element elementor-element-a4862cd elementor-widget-mobile__width-inherit elementor-hidden-desktop elementor-widget elementor-widget-induxo-slider\" data-id=\"a4862cd\" data-element_type=\"widget\" data-widget_type=\"induxo-slider.default\">\n\t\t\t\t<div class=\"elementor-widget-container\">\n\t\t\t\t\t\n<div class=\"hero-area owl-carousel owl-theme\" data-controls=\"{&quot;show_nav&quot;:true,&quot;auto_nav_slide&quot;:&quot;&quot;}\">\n    \n      <div class=\"slider-item\" style=\"background-image:url(https:\/\/the-horngroup.com\/wp-content\/uploads\/2024\/02\/mobile-web-banner-horngroup-08.png)\">\n        <div class=\"slider-table\">\n            <div class=\"slider-table-cell\">\n                    <div class=\"container\">\n                        <div class=\"row \">\n                            <div class=\"col-lg-7 mx-auto text-center\">\n                            <div class=\"slider-content\">\n                                <small class=\"slider-info\">\n                                                                \n                                <\/small>\n                                <h1 class=\"slider-title\">\n                                                                    <\/h1>\n\n                                                                <div class=\"slider-btn-area\">\n                                <a href=\"\" class=\"btn\">\n                                                                            <\/a>\n                                <\/div>\n                                                            <\/div>\n                            <!-- slider content wrap end -->\n                            <\/div><!-- col end-->\n                            \n                        <\/div><!-- row end-->\n                <\/div>\n                <!-- Container end -->  \n            <\/div>\n        <\/div>\n      <\/div>\n\n        <\/div>\n    \n    \n     \n        \t\t\t\t<\/div>\n\t\t\t\t<\/div>\n\t\t\t\t\t<\/div>\n\t\t<\/div>\n\t\t\t\t\t<\/div>\n\t\t<\/section>\n\t\t\t\t<section class=\"elementor-section elementor-top-section elementor-element elementor-element-1f79ff2 elementor-section-full_width elementor-section-height-default elementor-section-height-default\" data-id=\"1f79ff2\" data-element_type=\"section\">\n\t\t\t\t\t\t<div class=\"elementor-container elementor-column-gap-default\">\n\t\t\t\t\t<div class=\"elementor-column elementor-col-33 elementor-top-column elementor-element elementor-element-6d46def\" data-id=\"6d46def\" data-element_type=\"column\" id=\"speakupleftimage\" data-settings=\"{&quot;background_background&quot;:&quot;classic&quot;}\">\n\t\t\t<div class=\"elementor-widget-wrap elementor-element-populated\">\n\t\t\t\t\t\t<div class=\"elementor-element elementor-element-df3386d elementor-align-left elementor-widget elementor-widget-button\" data-id=\"df3386d\" data-element_type=\"widget\" id=\"fkbtn\" data-widget_type=\"button.default\">\n\t\t\t\t<div class=\"elementor-widget-container\">\n\t\t\t\t\t\t\t\t\t<div class=\"elementor-button-wrapper\">\n\t\t\t\t\t<a class=\"elementor-button elementor-button-link elementor-size-md\" href=\"#\">\n\t\t\t\t\t\t<span class=\"elementor-button-content-wrapper\">\n\t\t\t\t\t\t\t\t\t<span class=\"elementor-button-text\">T\u00e9l\u00e9charger<\/span>\n\t\t\t\t\t<\/span>\n\t\t\t\t\t<\/a>\n\t\t\t\t<\/div>\n\t\t\t\t\t\t\t\t<\/div>\n\t\t\t\t<\/div>\n\t\t\t\t\t<\/div>\n\t\t<\/div>\n\t\t\t\t<div class=\"elementor-column elementor-col-33 elementor-top-column elementor-element elementor-element-3bb2aed\" data-id=\"3bb2aed\" data-element_type=\"column\" id=\"crprtxt\">\n\t\t\t<div class=\"elementor-widget-wrap elementor-element-populated\">\n\t\t\t\t\t\t<div class=\"elementor-element elementor-element-0c3f136 elementor-widget elementor-widget-induxo-title\" data-id=\"0c3f136\" data-element_type=\"widget\" id=\"hdrs\" data-widget_type=\"induxo-title.default\">\n\t\t\t\t<div class=\"elementor-widget-container\">\n\t\t\t\t\t         <div class=\"section-heading-content\">\n                     <h2 class=\"section-title title-\">\n                 Meldesystem <span>SpeakUp<\/span> <\/br>Hinsehen. Handeln. Sicher melden.            <\/h2>\n         <\/div><!-- Section title -->\t\t\n         \n\n     \n    \t\t\t\t<\/div>\n\t\t\t\t<\/div>\n\t\t\t\t<div class=\"elementor-element elementor-element-8512887 elementor-widget elementor-widget-text-editor\" data-id=\"8512887\" data-element_type=\"widget\" data-widget_type=\"text-editor.default\">\n\t\t\t\t<div class=\"elementor-widget-container\">\n\t\t\t\t\t\t\t\t\t<p>Das Meldesystem <i>SpeakUp<\/i> ist eine sichere und unabh\u00e4ngige Plattform f\u00fcr Mitarbeiter, Gesch\u00e4ftspartner und Dritte, um unregelm\u00e4\u00dfiges Verhalten &#8211; beabsichtigt oder unbeabsichtigt &#8211; fr\u00fchzeitig zu verhindern. Meldungen k\u00f6nnen vertraulich und auf Wunsch auch anonym erfolgen. Die fr\u00fchzeitige Meldung von Verst\u00f6\u00dfen gegen gesetzliche Bestimmungen und interne Richtlinien tr\u00e4gt dazu bei, Schaden von der HORNGROUP und ihren Unternehmen abzuwenden und das uns entgegengebrachte Vertrauen langfristig zu legitimieren und zu st\u00e4rken.<\/p>\n<p>Hier finden Sie die Datenschutzinformationen f\u00fcr&nbsp;<a href=\"https:\/\/www.the-horngroup.com\/wp-content\/uploads\/2025\/11\/Datenschutzhinweis-Meldende_INDUS-SpeakUp_2025-09-09_FINAL.pdf\" target=\"_blank\">Whistleblower<\/a><strong>&nbsp;<\/strong>und&nbsp;<a href=\"https:\/\/www.the-horngroup.com\/wp-content\/uploads\/2025\/11\/Datenschutzhinweis-Beteiligte_INDUS-SpeakUp_2025-09-10_FINAL.pdf\" target=\"_blank\">Betroffene<\/a>.<\/p>\n<p>Whistleblower sind Personen, die Meldungen \u00fcber das SpeakUp-Meldesystem einreichen. Die Betroffenen sind alle an einem gemeldeten Vorfall beteiligten Personen, wie z.B. die Beschuldigten, Zeugen oder Opfer. Alle Meldungen werden unabh\u00e4ngig, unparteiisch und vertraulich bearbeitet.<\/p><p><br><\/p>\n<p><\/p>\n<h3>SpeakUp Dokumente<\/h3>\n<p><strong><a href=\"https:\/\/www.the-horngroup.com\/wp-content\/uploads\/2025\/11\/SpeakUp_Verfahrensordnung_Update-20251121_DE.pdf\" target=\"_blank\" rel=\"noopener\">SpeakUp Leitfaden (PDF)<\/a><\/strong><br><strong><a href=\"https:\/\/www.the-horngroup.com\/wp-content\/uploads\/2025\/11\/SpeakUp-FAQ_Update-20251121_DE.pdf\">SpeakUp FAQs (PDF)<\/a> <\/strong><\/p>\n<h3>SpeakUp f\u00fcr Berichte<\/h3>\n<p><a href=\"https:\/\/www.speakupfeedback.eu\/web\/horn\/de\"><strong>Deutschland<\/strong><\/a><br><a href=\"https:\/\/www.speakupfeedback.eu\/web\/horn\/cn\"><strong>China<\/strong><\/a><br><a href=\"https:\/\/www.speakupfeedback.eu\/web\/horn\/in\" target=\"_blank\" rel=\"noopener\"><strong>Indien<\/strong><\/a><br><a href=\"https:\/\/www.speakupfeedback.eu\/web\/horn\/gb\"><strong>Vereinigtes K\u00f6nigreich<\/strong><\/a><br><a href=\"https:\/\/www.speakupfeedback.eu\/web\/horn\/us\"><strong>Vereinigte Staaten<\/strong><\/a><\/p>\t\t\t\t\t\t\t\t<\/div>\n\t\t\t\t<\/div>\n\t\t\t\t<div class=\"elementor-element elementor-element-a7a4f33 elementor-widget elementor-widget-image\" data-id=\"a7a4f33\" data-element_type=\"widget\" data-widget_type=\"image.default\">\n\t\t\t\t<div class=\"elementor-widget-container\">\n\t\t\t\t\t\t\t\t\t\t\t\t\t\t\t<img decoding=\"async\" width=\"170\" height=\"167\" src=\"https:\/\/www.the-horngroup.com\/wp-content\/uploads\/2025\/11\/202511_qr_speakup.png\" class=\"attachment-medium size-medium wp-image-4680\" alt=\"\" \/>\t\t\t\t\t\t\t\t\t\t\t\t\t\t\t<\/div>\n\t\t\t\t<\/div>\n\t\t\t\t<div class=\"elementor-element elementor-element-ea4da4f elementor-widget elementor-widget-text-editor\" data-id=\"ea4da4f\" data-element_type=\"widget\" data-widget_type=\"text-editor.default\">\n\t\t\t\t<div class=\"elementor-widget-container\">\n\t\t\t\t\t\t\t\t\t<p>Wichtig:<br \/><br \/>Das Meldesystem dient nicht dazu Vorf\u00e4lle zu melden, die eine unmittelbare Bedrohung von Leben oder Eigentum darstellen. In solchen F\u00e4llen wenden Sie sich bitte an die bekannten Notfallrufnummern oder die n\u00e4chste Polizeidienststelle.<br \/><br \/>Ebenso wenig darf es f\u00fcr falsche Anschuldigungen verwendet werden \u2013 eine Meldung wissentlich falscher Informationen ist untersagt. Im \u00dcbrigen verweisen wir auf die M\u00f6glichkeit einer Meldung an externe Meldestellen. Der deutsche Gesetzgeber misst der internen Meldung von Compliance-Verst\u00f6\u00dfen besondere Bedeutung bei und priorisiert diese ausdr\u00fccklich gegen\u00fcber externen Kan\u00e4len.<br \/><br \/>Hinweisgebende leisten einen wichtigen Beitrag zur Integrit\u00e4t und zum Schutz unserer Unternehmenswerte, unserer Mitarbeitenden und Betroffener.<\/p><p>\u00a0<\/p>\t\t\t\t\t\t\t\t<\/div>\n\t\t\t\t<\/div>\n\t\t\t\t\t<\/div>\n\t\t<\/div>\n\t\t\t\t<div class=\"elementor-column elementor-col-33 elementor-top-column elementor-element elementor-element-ebeaaa0\" data-id=\"ebeaaa0\" data-element_type=\"column\">\n\t\t\t<div class=\"elementor-widget-wrap\">\n\t\t\t\t\t\t\t<\/div>\n\t\t<\/div>\n\t\t\t\t\t<\/div>\n\t\t<\/section>\n\t\t\t\t<\/div>\n\t\t","protected":false},"excerpt":{"rendered":"<p>T\u00e9l\u00e9charger Meldesystem SpeakUp Hinsehen. Handeln. Sicher melden. Das Meldesystem SpeakUp ist eine sichere und unabh\u00e4ngige Plattform f\u00fcr Mitarbeiter, Gesch\u00e4ftspartner und Dritte, um unregelm\u00e4\u00dfiges Verhalten &#8211; beabsichtigt oder unbeabsichtigt &#8211; fr\u00fchzeitig zu verhindern. Meldungen k\u00f6nnen vertraulich und auf Wunsch auch anonym erfolgen. Die fr\u00fchzeitige Meldung von Verst\u00f6\u00dfen gegen gesetzliche Bestimmungen und interne Richtlinien tr\u00e4gt dazu bei, [&hellip;]<\/p>\n","protected":false},"author":2,"featured_media":0,"parent":0,"menu_order":0,"comment_status":"closed","ping_status":"closed","template":"template\/full-width-template.php","meta":{"footnotes":""},"class_list":["post-3240","page","type-page","status-publish","hentry"],"_links":{"self":[{"href":"https:\/\/www.the-horngroup.com\/de\/wp-json\/wp\/v2\/pages\/3240","targetHints":{"allow":["GET"]}}],"collection":[{"href":"https:\/\/www.the-horngroup.com\/de\/wp-json\/wp\/v2\/pages"}],"about":[{"href":"https:\/\/www.the-horngroup.com\/de\/wp-json\/wp\/v2\/types\/page"}],"author":[{"embeddable":true,"href":"https:\/\/www.the-horngroup.com\/de\/wp-json\/wp\/v2\/users\/2"}],"replies":[{"embeddable":true,"href":"https:\/\/www.the-horngroup.com\/de\/wp-json\/wp\/v2\/comments?post=3240"}],"version-history":[{"count":41,"href":"https:\/\/www.the-horngroup.com\/de\/wp-json\/wp\/v2\/pages\/3240\/revisions"}],"predecessor-version":[{"id":4743,"href":"https:\/\/www.the-horngroup.com\/de\/wp-json\/wp\/v2\/pages\/3240\/revisions\/4743"}],"wp:attachment":[{"href":"https:\/\/www.the-horngroup.com\/de\/wp-json\/wp\/v2\/media?parent=3240"}],"curies":[{"name":"wp","href":"https:\/\/api.w.org\/{rel}","templated":true}]}}