{"id":2096,"date":"2019-04-21T11:47:56","date_gmt":"2019-04-21T11:47:56","guid":{"rendered":"http:\/\/uixpider.com\/a-propos-de\/"},"modified":"2024-06-18T16:41:16","modified_gmt":"2024-06-18T16:41:16","slug":"a-propos-de","status":"publish","type":"page","link":"https:\/\/www.the-horngroup.com\/fr\/a-propos-de\/","title":{"rendered":"A propos de nous"},"content":{"rendered":"\t\t<div data-elementor-type=\"wp-post\" data-elementor-id=\"2096\" class=\"elementor elementor-2096 elementor-751\">\n\t\t\t\t\t\t<section class=\"elementor-section elementor-top-section elementor-element elementor-element-fcb441e elementor-section-full_width elementor-section-height-default elementor-section-height-default\" data-id=\"fcb441e\" data-element_type=\"section\">\n\t\t\t\t\t\t<div class=\"elementor-container elementor-column-gap-default\">\n\t\t\t\t\t<div class=\"elementor-column elementor-col-50 elementor-top-column elementor-element elementor-element-ab3db96\" data-id=\"ab3db96\" data-element_type=\"column\" data-settings=\"{&quot;background_background&quot;:&quot;classic&quot;}\">\n\t\t\t<div class=\"elementor-widget-wrap elementor-element-populated\">\n\t\t\t\t\t\t<div class=\"elementor-element elementor-element-bc5d194 elementor-align-left elementor-widget elementor-widget-button\" data-id=\"bc5d194\" data-element_type=\"widget\" id=\"fkbtn\" data-widget_type=\"button.default\">\n\t\t\t\t<div class=\"elementor-widget-container\">\n\t\t\t\t\t\t\t\t\t<div class=\"elementor-button-wrapper\">\n\t\t\t\t\t<a class=\"elementor-button elementor-button-link elementor-size-md\" href=\"#\">\n\t\t\t\t\t\t<span class=\"elementor-button-content-wrapper\">\n\t\t\t\t\t\t\t\t\t<span class=\"elementor-button-text\">T\u00e9l\u00e9charger<\/span>\n\t\t\t\t\t<\/span>\n\t\t\t\t\t<\/a>\n\t\t\t\t<\/div>\n\t\t\t\t\t\t\t\t<\/div>\n\t\t\t\t<\/div>\n\t\t\t\t\t<\/div>\n\t\t<\/div>\n\t\t\t\t<div class=\"elementor-column elementor-col-50 elementor-top-column elementor-element elementor-element-a89f804\" data-id=\"a89f804\" data-element_type=\"column\">\n\t\t\t<div class=\"elementor-widget-wrap elementor-element-populated\">\n\t\t\t\t\t\t<div class=\"elementor-element elementor-element-c39af54 elementor-widget elementor-widget-text-editor\" data-id=\"c39af54\" data-element_type=\"widget\" data-widget_type=\"text-editor.default\">\n\t\t\t\t<div class=\"elementor-widget-container\">\n\t\t\t\t\t\t\t\t\t<p>HORNGROUP est un holding de premier plan sp\u00e9cialis\u00e9 dans la manipulation et la gestion des fluides, les syst\u00e8mes de gonflage et la technologie de l&rsquo;air. En mettant l&rsquo;accent sur l&rsquo;innovation, la qualit\u00e9 et le d\u00e9veloppement durable, le groupe offre une gamme vari\u00e9e de produits, de services et de solutions dans divers secteurs d&rsquo;activit\u00e9.<\/p><p>Pour les entreprises qui envisagent un partenariat, le HORNGROUP repr\u00e9sente une opportunit\u00e9 strat\u00e9gique de s&rsquo;aligner sur une organisation tourn\u00e9e vers l&rsquo;avenir, orient\u00e9e vers le long terme et en pleine expansion, qui s&rsquo;engage \u00e0 \u00eatre leader sur le march\u00e9 et \u00e0 satisfaire ses clients.<\/p><p>Visitez le site de <a href=\"https:\/\/indus.de\/\" target=\"_blank\" rel=\"noopener\">INDUS HOLDING AG<\/a> pour en savoir plus sur notre engagement \u00e0 pr\u00e9server les forces uniques et les identit\u00e9s individuelles des entreprises de notre portefeuille. <\/p>\t\t\t\t\t\t\t\t<\/div>\n\t\t\t\t<\/div>\n\t\t\t\t<div class=\"elementor-element elementor-element-68d4ef9 elementor-widget elementor-widget-accordion\" data-id=\"68d4ef9\" data-element_type=\"widget\" data-widget_type=\"accordion.default\">\n\t\t\t\t<div class=\"elementor-widget-container\">\n\t\t\t\t\t\t\t<div class=\"elementor-accordion\">\n\t\t\t\t\t\t\t<div class=\"elementor-accordion-item\">\n\t\t\t\t\t<div id=\"elementor-tab-title-1091\" class=\"elementor-tab-title\" data-tab=\"1\" role=\"button\" aria-controls=\"elementor-tab-content-1091\" aria-expanded=\"false\">\n\t\t\t\t\t\t\t\t\t\t\t\t\t<span class=\"elementor-accordion-icon elementor-accordion-icon-left\" aria-hidden=\"true\">\n\t\t\t\t\t\t\t\t\t\t\t\t\t\t\t<span class=\"elementor-accordion-icon-closed\"><i class=\"fas fa-plus\"><\/i><\/span>\n\t\t\t\t\t\t\t\t<span class=\"elementor-accordion-icon-opened\"><i class=\"fas fa-minus\"><\/i><\/span>\n\t\t\t\t\t\t\t\t\t\t\t\t\t\t<\/span>\n\t\t\t\t\t\t\t\t\t\t\t\t<a class=\"elementor-accordion-title\" tabindex=\"0\">Ce que nous faisons<\/a>\n\t\t\t\t\t<\/div>\n\t\t\t\t\t<div id=\"elementor-tab-content-1091\" class=\"elementor-tab-content elementor-clearfix\" data-tab=\"1\" role=\"region\" aria-labelledby=\"elementor-tab-title-1091\">Chez HORNGROUP, nos comp\u00e9tences s&rsquo;\u00e9tendent \u00e0 la manipulation des fluides, des gaz et des solides, au gonflage des pneus, \u00e0 l&rsquo;\u00e9quipement d&rsquo;air comprim\u00e9 et \u00e0 la technologie pionni\u00e8re des pompes, ce qui nous positionne comme un partenaire de premier plan pour les entreprises avant-gardistes qui fa\u00e7onnent divers secteurs d&rsquo;activit\u00e9. Notre engagement in\u00e9branlable en faveur de la pr\u00e9cision et de l&rsquo;efficacit\u00e9 nous distingue sur le march\u00e9.<\/div>\n\t\t\t\t<\/div>\n\t\t\t\t\t\t\t<div class=\"elementor-accordion-item\">\n\t\t\t\t\t<div id=\"elementor-tab-title-1092\" class=\"elementor-tab-title\" data-tab=\"2\" role=\"button\" aria-controls=\"elementor-tab-content-1092\" aria-expanded=\"false\">\n\t\t\t\t\t\t\t\t\t\t\t\t\t<span class=\"elementor-accordion-icon elementor-accordion-icon-left\" aria-hidden=\"true\">\n\t\t\t\t\t\t\t\t\t\t\t\t\t\t\t<span class=\"elementor-accordion-icon-closed\"><i class=\"fas fa-plus\"><\/i><\/span>\n\t\t\t\t\t\t\t\t<span class=\"elementor-accordion-icon-opened\"><i class=\"fas fa-minus\"><\/i><\/span>\n\t\t\t\t\t\t\t\t\t\t\t\t\t\t<\/span>\n\t\t\t\t\t\t\t\t\t\t\t\t<a class=\"elementor-accordion-title\" tabindex=\"0\">Notre raison d'\u00eatre<\/a>\n\t\t\t\t\t<\/div>\n\t\t\t\t\t<div id=\"elementor-tab-content-1092\" class=\"elementor-tab-content elementor-clearfix\" data-tab=\"2\" role=\"region\" aria-labelledby=\"elementor-tab-title-1092\"><a href=\"https:\/\/indus.de\/\" target=\"_blank\" rel=\"noopener\">INDUS HOLDING AG<\/a> est sp\u00e9cialis\u00e9e dans les investissements \u00e0 long terme dans des petites et moyennes entreprises (PME) durables, dont elle favorise la croissance et le d\u00e9veloppement. HORNGROUP, qui fait partie du portefeuille d&rsquo;INDUS, offre un environnement s\u00fbr aux entreprises leaders sur le march\u00e9 de la manipulation des fluides, des gaz et des solides, afin qu&rsquo;elles puissent pr\u00e9server leur identit\u00e9 individuelle et leur autonomie op\u00e9rationnelle, tout en poursuivant leur trajectoire vers le succ\u00e8s.\n\n&nbsp;\n<div id=\"simple-translate\" class=\"simple-translate-system-theme\">\n<div>\n<div class=\"simple-translate-button isShow\" style=\"background-image: url('moz-extension:\/\/0d849fbb-056b-403a-a287-fb9be5aae52e\/icons\/512.png'); height: 22px; width: 22px; top: 235px; left: 202px;\"><\/div>\n<div class=\"simple-translate-panel \" style=\"width: 300px; height: 200px; top: 0px; left: 0px; font-size: 13px;\">\n<div class=\"simple-translate-result-wrapper\" style=\"overflow: hidden;\">\n<div class=\"simple-translate-move\" draggable=\"true\"><\/div>\n<div class=\"simple-translate-result-contents\">\n<p class=\"simple-translate-result\" dir=\"auto\"><\/p>\n<p class=\"simple-translate-candidate\" dir=\"auto\"><\/p>\n\n<\/div>\n<\/div>\n<\/div>\n<\/div>\n<\/div><\/div>\n\t\t\t\t<\/div>\n\t\t\t\t\t\t\t<div class=\"elementor-accordion-item\">\n\t\t\t\t\t<div id=\"elementor-tab-title-1093\" class=\"elementor-tab-title\" data-tab=\"3\" role=\"button\" aria-controls=\"elementor-tab-content-1093\" aria-expanded=\"false\">\n\t\t\t\t\t\t\t\t\t\t\t\t\t<span class=\"elementor-accordion-icon elementor-accordion-icon-left\" aria-hidden=\"true\">\n\t\t\t\t\t\t\t\t\t\t\t\t\t\t\t<span class=\"elementor-accordion-icon-closed\"><i class=\"fas fa-plus\"><\/i><\/span>\n\t\t\t\t\t\t\t\t<span class=\"elementor-accordion-icon-opened\"><i class=\"fas fa-minus\"><\/i><\/span>\n\t\t\t\t\t\t\t\t\t\t\t\t\t\t<\/span>\n\t\t\t\t\t\t\t\t\t\t\t\t<a class=\"elementor-accordion-title\" tabindex=\"0\">Comment nous proc\u00e9dons<\/a>\n\t\t\t\t\t<\/div>\n\t\t\t\t\t<div id=\"elementor-tab-content-1093\" class=\"elementor-tab-content elementor-clearfix\" data-tab=\"3\" role=\"region\" aria-labelledby=\"elementor-tab-title-1093\">Chez HORNGROUP, nous favorisons l&rsquo;innovation par le biais de la technologie et de partenariats collaboratifs, en proposant des solutions de pointe pour la manipulation des fluides, des gaz et des solides, ainsi que pour le gonflage des pneus. Notre engagement in\u00e9branlable en faveur de la qualit\u00e9, de la fiabilit\u00e9 et de la durabilit\u00e9 favorise les progr\u00e8s de l&rsquo;industrie, en mettant l&rsquo;accent sur la s\u00e9curit\u00e9, la pr\u00e9cision et la gestion de l&rsquo;environnement.<\/div>\n\t\t\t\t<\/div>\n\t\t\t\t\t\t\t\t<\/div>\n\t\t\t\t\t\t<\/div>\n\t\t\t\t<\/div>\n\t\t\t\t\t<\/div>\n\t\t<\/div>\n\t\t\t\t\t<\/div>\n\t\t<\/section>\n\t\t\t\t<section class=\"elementor-section elementor-top-section elementor-element elementor-element-c4a8714 elementor-hidden-phone elementor-section-boxed elementor-section-height-default elementor-section-height-default\" data-id=\"c4a8714\" data-element_type=\"section\">\n\t\t\t\t\t\t<div class=\"elementor-container elementor-column-gap-default\">\n\t\t\t\t\t<div class=\"elementor-column elementor-col-100 elementor-top-column elementor-element elementor-element-e423bce\" data-id=\"e423bce\" data-element_type=\"column\">\n\t\t\t<div class=\"elementor-widget-wrap elementor-element-populated\">\n\t\t\t\t\t\t<div class=\"elementor-element elementor-element-c132e04 elementor-widget elementor-widget-induxo-title\" data-id=\"c132e04\" data-element_type=\"widget\" data-widget_type=\"induxo-title.default\">\n\t\t\t\t<div class=\"elementor-widget-container\">\n\t\t\t\t\t         <div class=\"section-heading-content\">\n                     <h2 class=\"section-title title-\">\n                 <span>Sites <\/span>d'exploitation            <\/h2>\n         <\/div><!-- Section title -->\t\t\n         \n\n     \n    \t\t\t\t<\/div>\n\t\t\t\t<\/div>\n\t\t\t\t\t<\/div>\n\t\t<\/div>\n\t\t\t\t\t<\/div>\n\t\t<\/section>\n\t\t\t\t<section class=\"elementor-section elementor-top-section elementor-element elementor-element-ee9a79b elementor-section-boxed elementor-section-height-default elementor-section-height-default\" data-id=\"ee9a79b\" data-element_type=\"section\">\n\t\t\t\t\t\t<div class=\"elementor-container elementor-column-gap-no\">\n\t\t\t\t\t<div class=\"elementor-column elementor-col-100 elementor-top-column elementor-element elementor-element-62e4397\" data-id=\"62e4397\" data-element_type=\"column\">\n\t\t\t<div class=\"elementor-widget-wrap elementor-element-populated\">\n\t\t\t\t\t\t<div class=\"elementor-element elementor-element-68c7f4d elementor-widget elementor-widget-induxo-operate-locations\" data-id=\"68c7f4d\" data-element_type=\"widget\" data-widget_type=\"induxo-operate-locations.default\">\n\t\t\t\t<div class=\"elementor-widget-container\">\n\t\t\t\t\t     \n     <div class=\"location-wrapper\">\n         <div class=\"map-image\">\n            <img decoding=\"async\" class=\"img-fluid\" src=\"https:\/\/the-horngroup.com\/wp-content\/uploads\/2024\/02\/map-locations-horngroup.png\" alt=\"map \">\n         <\/div>\n             \n          \n              <div  class=\"location elementor-repeater-item-b9998dc\" data-placement=\"left\" data-toggle=\"tooltip\" data-html=\"true\" title=\"<h2 class='location-name'> <\/h2> <p class='location-des'>  <\/p> <p class='location-des'> Tel:  <br\/>Email:  <\/p>\" >\n                 <div class=\"location_indicator indicator-1\"><\/div>\n              <\/div>\n             \n   \n      <\/div>  \n\n     \n    \t\t\t\t<\/div>\n\t\t\t\t<\/div>\n\t\t\t\t\t<\/div>\n\t\t<\/div>\n\t\t\t\t\t<\/div>\n\t\t<\/section>\n\t\t\t\t<\/div>\n\t\t","protected":false},"excerpt":{"rendered":"<p>T\u00e9l\u00e9charger HORNGROUP est un holding de premier plan sp\u00e9cialis\u00e9 dans la manipulation et la gestion des fluides, les syst\u00e8mes de gonflage et la technologie de l&rsquo;air. En mettant l&rsquo;accent sur l&rsquo;innovation, la qualit\u00e9 et le d\u00e9veloppement durable, le groupe offre une gamme vari\u00e9e de produits, de services et de solutions dans divers secteurs d&rsquo;activit\u00e9. Pour [&hellip;]<\/p>\n","protected":false},"author":2,"featured_media":0,"parent":0,"menu_order":0,"comment_status":"closed","ping_status":"closed","template":"elementor_header_footer","meta":{"footnotes":""},"class_list":["post-2096","page","type-page","status-publish","hentry"],"_links":{"self":[{"href":"https:\/\/www.the-horngroup.com\/fr\/wp-json\/wp\/v2\/pages\/2096","targetHints":{"allow":["GET"]}}],"collection":[{"href":"https:\/\/www.the-horngroup.com\/fr\/wp-json\/wp\/v2\/pages"}],"about":[{"href":"https:\/\/www.the-horngroup.com\/fr\/wp-json\/wp\/v2\/types\/page"}],"author":[{"embeddable":true,"href":"https:\/\/www.the-horngroup.com\/fr\/wp-json\/wp\/v2\/users\/2"}],"replies":[{"embeddable":true,"href":"https:\/\/www.the-horngroup.com\/fr\/wp-json\/wp\/v2\/comments?post=2096"}],"version-history":[{"count":3,"href":"https:\/\/www.the-horngroup.com\/fr\/wp-json\/wp\/v2\/pages\/2096\/revisions"}],"predecessor-version":[{"id":4066,"href":"https:\/\/www.the-horngroup.com\/fr\/wp-json\/wp\/v2\/pages\/2096\/revisions\/4066"}],"wp:attachment":[{"href":"https:\/\/www.the-horngroup.com\/fr\/wp-json\/wp\/v2\/media?parent=2096"}],"curies":[{"name":"wp","href":"https:\/\/api.w.org\/{rel}","templated":true}]}}