{"id":3206,"date":"2019-04-24T10:53:53","date_gmt":"2019-04-24T10:53:53","guid":{"rendered":"https:\/\/the-horngroup.com\/structure-du-horngroup\/"},"modified":"2025-12-02T09:33:43","modified_gmt":"2025-12-02T09:33:43","slug":"structure-du-horngroup","status":"publish","type":"page","link":"https:\/\/www.the-horngroup.com\/fr\/structure-du-horngroup\/","title":{"rendered":"Structure du HornGroup"},"content":{"rendered":"\t\t<div data-elementor-type=\"wp-post\" data-elementor-id=\"3206\" class=\"elementor elementor-3206 elementor-1159\">\n\t\t\t\t\t\t<section class=\"elementor-section elementor-top-section elementor-element elementor-element-3ac3cd3 elementor-section-boxed elementor-section-height-default elementor-section-height-default\" data-id=\"3ac3cd3\" data-element_type=\"section\">\n\t\t\t\t\t\t<div class=\"elementor-container elementor-column-gap-default\">\n\t\t\t\t\t<div class=\"elementor-column elementor-col-100 elementor-top-column elementor-element elementor-element-567fcc3\" data-id=\"567fcc3\" data-element_type=\"column\">\n\t\t\t<div class=\"elementor-widget-wrap elementor-element-populated\">\n\t\t\t\t\t\t<div class=\"elementor-element elementor-element-12ae926 elementor-widget elementor-widget-induxo-title\" data-id=\"12ae926\" data-element_type=\"widget\" data-widget_type=\"induxo-title.default\">\n\t\t\t\t<div class=\"elementor-widget-container\">\n\t\t\t\t\t         <div class=\"section-heading-content\">\n                     <h2 class=\"section-title title-left\">\n                 Structure du <span>HornGroup<\/span>             <\/h2>\n         <\/div><!-- Section title -->\t\t\n         \n\n     \n    \t\t\t\t<\/div>\n\t\t\t\t<\/div>\n\t\t\t\t<div class=\"elementor-element elementor-element-6221484 elementor-widget elementor-widget-text-editor\" data-id=\"6221484\" data-element_type=\"widget\" data-widget_type=\"text-editor.default\">\n\t\t\t\t<div class=\"elementor-widget-container\">\n\t\t\t\t\t\t\t\t\tHORNGROUP est un conglom\u00e9rat dynamique avec des marques strat\u00e9giquement positionn\u00e9es, chacune offrant des solutions distinctes. Notre structure de collaboration amplifie les forces et la pr\u00e9sence sur le march\u00e9, favorisant l&rsquo;innovation et la croissance. En tirant parti des ressources partag\u00e9es et des synergies au sein de chaque marque, nous favorisons la r\u00e9ussite collective, cr\u00e9ant ainsi de la valeur pour nos clients et nos parties prenantes.\t\t\t\t\t\t\t\t<\/div>\n\t\t\t\t<\/div>\n\t\t\t\t<div class=\"elementor-element elementor-element-a3c0433 elementor-widget elementor-widget-image\" data-id=\"a3c0433\" data-element_type=\"widget\" data-widget_type=\"image.default\">\n\t\t\t\t<div class=\"elementor-widget-container\">\n\t\t\t\t\t\t\t\t\t\t\t\t\t\t\t<img fetchpriority=\"high\" decoding=\"async\" width=\"1920\" height=\"838\" src=\"https:\/\/www.the-horngroup.com\/wp-content\/uploads\/2025\/12\/2025_horngroup_structure.png\" class=\"attachment-full size-full wp-image-4746\" alt=\"\" srcset=\"https:\/\/www.the-horngroup.com\/wp-content\/uploads\/2025\/12\/2025_horngroup_structure.png 1920w, https:\/\/www.the-horngroup.com\/wp-content\/uploads\/2025\/12\/2025_horngroup_structure-300x131.png 300w, https:\/\/www.the-horngroup.com\/wp-content\/uploads\/2025\/12\/2025_horngroup_structure-1024x447.png 1024w, https:\/\/www.the-horngroup.com\/wp-content\/uploads\/2025\/12\/2025_horngroup_structure-768x335.png 768w, https:\/\/www.the-horngroup.com\/wp-content\/uploads\/2025\/12\/2025_horngroup_structure-1536x670.png 1536w\" sizes=\"(max-width: 1920px) 100vw, 1920px\" \/>\t\t\t\t\t\t\t\t\t\t\t\t\t\t\t<\/div>\n\t\t\t\t<\/div>\n\t\t\t\t\t<\/div>\n\t\t<\/div>\n\t\t\t\t\t<\/div>\n\t\t<\/section>\n\t\t\t\t<\/div>\n\t\t","protected":false},"excerpt":{"rendered":"<p>Structure du HornGroup HORNGROUP est un conglom\u00e9rat dynamique avec des marques strat\u00e9giquement positionn\u00e9es, chacune offrant des solutions distinctes. Notre structure de collaboration amplifie les forces et la pr\u00e9sence sur le march\u00e9, favorisant l&rsquo;innovation et la croissance. En tirant parti des ressources partag\u00e9es et des synergies au sein de chaque marque, nous favorisons la r\u00e9ussite collective, [&hellip;]<\/p>\n","protected":false},"author":2,"featured_media":0,"parent":0,"menu_order":0,"comment_status":"closed","ping_status":"closed","template":"template\/full-width-template.php","meta":{"footnotes":""},"class_list":["post-3206","page","type-page","status-publish","hentry"],"_links":{"self":[{"href":"https:\/\/www.the-horngroup.com\/fr\/wp-json\/wp\/v2\/pages\/3206","targetHints":{"allow":["GET"]}}],"collection":[{"href":"https:\/\/www.the-horngroup.com\/fr\/wp-json\/wp\/v2\/pages"}],"about":[{"href":"https:\/\/www.the-horngroup.com\/fr\/wp-json\/wp\/v2\/types\/page"}],"author":[{"embeddable":true,"href":"https:\/\/www.the-horngroup.com\/fr\/wp-json\/wp\/v2\/users\/2"}],"replies":[{"embeddable":true,"href":"https:\/\/www.the-horngroup.com\/fr\/wp-json\/wp\/v2\/comments?post=3206"}],"version-history":[{"count":3,"href":"https:\/\/www.the-horngroup.com\/fr\/wp-json\/wp\/v2\/pages\/3206\/revisions"}],"predecessor-version":[{"id":4784,"href":"https:\/\/www.the-horngroup.com\/fr\/wp-json\/wp\/v2\/pages\/3206\/revisions\/4784"}],"wp:attachment":[{"href":"https:\/\/www.the-horngroup.com\/fr\/wp-json\/wp\/v2\/media?parent=3206"}],"curies":[{"name":"wp","href":"https:\/\/api.w.org\/{rel}","templated":true}]}}