{"id":3210,"date":"2024-02-05T23:35:21","date_gmt":"2024-02-05T23:35:21","guid":{"rendered":"https:\/\/the-horngroup.com\/gestion\/"},"modified":"2025-10-17T06:59:36","modified_gmt":"2025-10-17T06:59:36","slug":"gestion","status":"publish","type":"page","link":"https:\/\/www.the-horngroup.com\/fr\/gestion\/","title":{"rendered":"Gestion"},"content":{"rendered":"\t\t<div data-elementor-type=\"wp-page\" data-elementor-id=\"3210\" class=\"elementor elementor-3210 elementor-1639\">\n\t\t\t\t\t\t<section class=\"elementor-section elementor-top-section elementor-element elementor-element-ea2fecf elementor-section-full_width elementor-section-height-default elementor-section-height-default\" data-id=\"ea2fecf\" data-element_type=\"section\">\n\t\t\t\t\t\t<div class=\"elementor-container elementor-column-gap-no\">\n\t\t\t\t\t<div class=\"elementor-column elementor-col-100 elementor-top-column elementor-element elementor-element-072d92e\" data-id=\"072d92e\" data-element_type=\"column\" id=\"engbnr\">\n\t\t\t<div class=\"elementor-widget-wrap elementor-element-populated\">\n\t\t\t\t\t\t<div class=\"elementor-element elementor-element-962489d elementor-hidden-tablet elementor-hidden-mobile elementor-widget elementor-widget-induxo-slider\" data-id=\"962489d\" data-element_type=\"widget\" data-widget_type=\"induxo-slider.default\">\n\t\t\t\t<div class=\"elementor-widget-container\">\n\t\t\t\t\t\n<div class=\"hero-area owl-carousel owl-theme\" data-controls=\"{&quot;show_nav&quot;:true,&quot;auto_nav_slide&quot;:&quot;&quot;}\">\n    \n      <div class=\"slider-item\" style=\"background-image:url(https:\/\/the-horngroup.com\/wp-content\/uploads\/2024\/04\/web-banner-horngroup-03-French1.png)\">\n        <div class=\"slider-table\">\n            <div class=\"slider-table-cell\">\n                    <div class=\"container\">\n                        <div class=\"row \">\n                            <div class=\"col-lg-7 mx-auto text-center\">\n                            <div class=\"slider-content\">\n                                <small class=\"slider-info\">\n                                                                \n                                <\/small>\n                                <h1 class=\"slider-title\">\n                                                                    <\/h1>\n\n                                                                <div class=\"slider-btn-area\">\n                                <a href=\"\" class=\"btn\">\n                                                                            <\/a>\n                                <\/div>\n                                                            <\/div>\n                            <!-- slider content wrap end -->\n                            <\/div><!-- col end-->\n                            \n                        <\/div><!-- row end-->\n                <\/div>\n                <!-- Container end -->  \n            <\/div>\n        <\/div>\n      <\/div>\n\n        <\/div>\n    \n    \n     \n        \t\t\t\t<\/div>\n\t\t\t\t<\/div>\n\t\t\t\t<div class=\"elementor-element elementor-element-f621e10 elementor-widget-mobile__width-inherit elementor-hidden-desktop elementor-widget elementor-widget-induxo-slider\" data-id=\"f621e10\" data-element_type=\"widget\" data-widget_type=\"induxo-slider.default\">\n\t\t\t\t<div class=\"elementor-widget-container\">\n\t\t\t\t\t\n<div class=\"hero-area owl-carousel owl-theme\" data-controls=\"{&quot;show_nav&quot;:true,&quot;auto_nav_slide&quot;:&quot;&quot;}\">\n    \n      <div class=\"slider-item\" style=\"background-image:url(https:\/\/the-horngroup.com\/wp-content\/uploads\/2024\/02\/mobile-web-banner-horngroup-07.png)\">\n        <div class=\"slider-table\">\n            <div class=\"slider-table-cell\">\n                    <div class=\"container\">\n                        <div class=\"row \">\n                            <div class=\"col-lg-7 mx-auto text-center\">\n                            <div class=\"slider-content\">\n                                <small class=\"slider-info\">\n                                                                \n                                <\/small>\n                                <h1 class=\"slider-title\">\n                                                                    <\/h1>\n\n                                                                <div class=\"slider-btn-area\">\n                                <a href=\"\" class=\"btn\">\n                                                                            <\/a>\n                                <\/div>\n                                                            <\/div>\n                            <!-- slider content wrap end -->\n                            <\/div><!-- col end-->\n                            \n                        <\/div><!-- row end-->\n                <\/div>\n                <!-- Container end -->  \n            <\/div>\n        <\/div>\n      <\/div>\n\n        <\/div>\n    \n    \n     \n        \t\t\t\t<\/div>\n\t\t\t\t<\/div>\n\t\t\t\t\t<\/div>\n\t\t<\/div>\n\t\t\t\t\t<\/div>\n\t\t<\/section>\n\t\t\t\t<section class=\"elementor-section elementor-top-section elementor-element elementor-element-d48737d elementor-section-boxed elementor-section-height-default elementor-section-height-default\" data-id=\"d48737d\" data-element_type=\"section\" id=\"joerg\" data-settings=\"{&quot;background_background&quot;:&quot;classic&quot;}\">\n\t\t\t\t\t\t<div class=\"elementor-container elementor-column-gap-default\">\n\t\t\t\t\t<div class=\"elementor-column elementor-col-33 elementor-top-column elementor-element elementor-element-ad26e86\" data-id=\"ad26e86\" data-element_type=\"column\">\n\t\t\t<div class=\"elementor-widget-wrap elementor-element-populated\">\n\t\t\t\t\t\t<div class=\"elementor-element elementor-element-f9e7eda elementor-widget__width-inherit elementor-absolute elementor-widget elementor-widget-image\" data-id=\"f9e7eda\" data-element_type=\"widget\" id=\"mngstf\" data-settings=\"{&quot;_position&quot;:&quot;absolute&quot;}\" data-widget_type=\"image.default\">\n\t\t\t\t<div class=\"elementor-widget-container\">\n\t\t\t\t\t\t\t\t\t\t\t\t\t\t\t<img fetchpriority=\"high\" decoding=\"async\" width=\"360\" height=\"400\" src=\"https:\/\/www.the-horngroup.com\/wp-content\/uploads\/2024\/04\/Joerg-F.jpg\" class=\"attachment-full size-full wp-image-2729\" alt=\"\" srcset=\"https:\/\/www.the-horngroup.com\/wp-content\/uploads\/2024\/04\/Joerg-F.jpg 360w, https:\/\/www.the-horngroup.com\/wp-content\/uploads\/2024\/04\/Joerg-F-270x300.jpg 270w\" sizes=\"(max-width: 360px) 100vw, 360px\" \/>\t\t\t\t\t\t\t\t\t\t\t\t\t\t\t<\/div>\n\t\t\t\t<\/div>\n\t\t\t\t\t<\/div>\n\t\t<\/div>\n\t\t\t\t<div class=\"elementor-column elementor-col-66 elementor-top-column elementor-element elementor-element-6859a70\" data-id=\"6859a70\" data-element_type=\"column\">\n\t\t\t<div class=\"elementor-widget-wrap elementor-element-populated\">\n\t\t\t\t\t\t<div class=\"elementor-element elementor-element-0669d72 elementor-widget elementor-widget-induxo-title\" data-id=\"0669d72\" data-element_type=\"widget\" id=\"directortitle\" data-widget_type=\"induxo-title.default\">\n\t\t\t\t<div class=\"elementor-widget-container\">\n\t\t\t\t\t         <div class=\"section-heading-content\">\n                  <small class=\"title-bg-small\">DIRECTEUR G\u00c9N\u00c9RAL HORNGROUP <\/small>\n                    <h2 class=\"section-title title-left\">\n                 <span>Joerg F. Mayer <\/span>            <\/h2>\n         <\/div><!-- Section title -->\t\t\n         \n\n     \n    \t\t\t\t<\/div>\n\t\t\t\t<\/div>\n\t\t\t\t<div class=\"elementor-element elementor-element-057f6cb elementor-widget elementor-widget-text-editor\" data-id=\"057f6cb\" data-element_type=\"widget\" data-widget_type=\"text-editor.default\">\n\t\t\t\t<div class=\"elementor-widget-container\">\n\t\t\t\t\t\t\t\t\t<p>Depuis le d\u00e9but de l&rsquo;ann\u00e9e 2021, Joerg F. Mayer (n\u00e9 en 1974) occupe le poste de directeur g\u00e9n\u00e9ral de HORNGROUP Holding, o\u00f9 il est responsable de l&rsquo;orientation strat\u00e9gique de l&rsquo;ensemble du conglom\u00e9rat, ainsi que de la supervision des finances et de l&rsquo;administration, de l&rsquo;approvisionnement, de la gestion des march\u00e9s et des produits.<\/p><p>Monsieur Mayer est responsable des divisions Finances et Ventes au sein de TECALEMIT GmbH &amp; Co. KG \u00e0 Flensburg. Auparavant, il a \u00e9t\u00e9 directeur g\u00e9n\u00e9ral d&rsquo;une entreprise d&rsquo;ing\u00e9nierie m\u00e9canique sp\u00e9cialis\u00e9e dans les machines \u00e0 bois, en se concentrant sur la dynamique du march\u00e9 et le d\u00e9veloppement de produits. De 2006 \u00e0 2011, il a dirig\u00e9 les op\u00e9rations d&rsquo;une usine de production en Chine et a cr\u00e9\u00e9 d&rsquo;autres filiales internationales. Il est titulaire d&rsquo;un Executive MBA de l&rsquo;ESCP \u00e0 Paris.<\/p>\t\t\t\t\t\t\t\t<\/div>\n\t\t\t\t<\/div>\n\t\t\t\t\t<\/div>\n\t\t<\/div>\n\t\t\t\t\t<\/div>\n\t\t<\/section>\n\t\t\t\t<section class=\"elementor-section elementor-top-section elementor-element elementor-element-051255f elementor-section-boxed elementor-section-height-default elementor-section-height-default\" data-id=\"051255f\" data-element_type=\"section\" id=\"thomas\" data-settings=\"{&quot;background_background&quot;:&quot;classic&quot;}\">\n\t\t\t\t\t\t<div class=\"elementor-container elementor-column-gap-default\">\n\t\t\t\t\t<div class=\"elementor-column elementor-col-33 elementor-top-column elementor-element elementor-element-e3879b3\" data-id=\"e3879b3\" data-element_type=\"column\">\n\t\t\t<div class=\"elementor-widget-wrap elementor-element-populated\">\n\t\t\t\t\t\t<div class=\"elementor-element elementor-element-d6273b3 elementor-widget__width-inherit elementor-absolute elementor-widget elementor-widget-image\" data-id=\"d6273b3\" data-element_type=\"widget\" data-settings=\"{&quot;_position&quot;:&quot;absolute&quot;}\" data-widget_type=\"image.default\">\n\t\t\t\t<div class=\"elementor-widget-container\">\n\t\t\t\t\t\t\t\t\t\t\t\t\t\t\t<img decoding=\"async\" width=\"360\" height=\"400\" src=\"https:\/\/www.the-horngroup.com\/wp-content\/uploads\/2024\/04\/Thomas.jpg\" class=\"attachment-large size-large wp-image-2733\" alt=\"\" srcset=\"https:\/\/www.the-horngroup.com\/wp-content\/uploads\/2024\/04\/Thomas.jpg 360w, https:\/\/www.the-horngroup.com\/wp-content\/uploads\/2024\/04\/Thomas-270x300.jpg 270w\" sizes=\"(max-width: 360px) 100vw, 360px\" \/>\t\t\t\t\t\t\t\t\t\t\t\t\t\t\t<\/div>\n\t\t\t\t<\/div>\n\t\t\t\t\t<\/div>\n\t\t<\/div>\n\t\t\t\t<div class=\"elementor-column elementor-col-66 elementor-top-column elementor-element elementor-element-0ef9d68\" data-id=\"0ef9d68\" data-element_type=\"column\">\n\t\t\t<div class=\"elementor-widget-wrap elementor-element-populated\">\n\t\t\t\t\t\t<div class=\"elementor-element elementor-element-263af0c elementor-widget elementor-widget-induxo-title\" data-id=\"263af0c\" data-element_type=\"widget\" id=\"directortitle\" data-widget_type=\"induxo-title.default\">\n\t\t\t\t<div class=\"elementor-widget-container\">\n\t\t\t\t\t         <div class=\"section-heading-content\">\n                  <small class=\"title-bg-small\">DIRECTEUR G\u00c9N\u00c9RAL HORNGROUP <\/small>\n                    <h2 class=\"section-title title-left\">\n                 <span>Thomas Voigt <\/span>            <\/h2>\n         <\/div><!-- Section title -->\t\t\n         \n\n     \n    \t\t\t\t<\/div>\n\t\t\t\t<\/div>\n\t\t\t\t<div class=\"elementor-element elementor-element-dab7207 elementor-widget elementor-widget-text-editor\" data-id=\"dab7207\" data-element_type=\"widget\" data-widget_type=\"text-editor.default\">\n\t\t\t\t<div class=\"elementor-widget-container\">\n\t\t\t\t\t\t\t\t\t<p>Depuis le d\u00e9but du mois d&rsquo;ao\u00fbt 2021, Thomas Voigt (n\u00e9 en 1960) occupe le poste de directeur g\u00e9n\u00e9ral de HORNGROUP Holding, o\u00f9 il supervise les divisions Production, Technologie et D\u00e9veloppement, ainsi que Logistique et Gestion des mat\u00e9riaux.<\/p>\n<p>En tant qu&rsquo;associ\u00e9 g\u00e9rant, M. Voigt dirige FLACO-GmbH depuis 2012, apr\u00e8s son acquisition majoritaire par HORNGROUP en juillet 2021. De 2006 \u00e0 2012, il a succ\u00e9d\u00e9 au fondateur de l&rsquo;entreprise, dirigeant et faisant progresser une entreprise de m\u00e9tallurgie de premier plan et la guidant dans un processus strat\u00e9gique de fusion et d&rsquo;acquisition. Apr\u00e8s un apprentissage d&rsquo;outilleur et l&rsquo;obtention d&rsquo;un dipl\u00f4me d&rsquo;ing\u00e9nieur, M. Voigt a acquis une vaste exp\u00e9rience de 1986 \u00e0 2006, en gravissant les \u00e9chelons et en assumant des responsabilit\u00e9s de plus en plus importantes, notamment en tant que directeur de la production, puis directeur g\u00e9n\u00e9ral d&rsquo;une entreprise de taille moyenne sp\u00e9cialis\u00e9e dans la technologie des fluides. <\/p>\t\t\t\t\t\t\t\t<\/div>\n\t\t\t\t<\/div>\n\t\t\t\t\t<\/div>\n\t\t<\/div>\n\t\t\t\t\t<\/div>\n\t\t<\/section>\n\t\t\t\t<\/div>\n\t\t","protected":false},"excerpt":{"rendered":"<p>DIRECTEUR G\u00c9N\u00c9RAL HORNGROUP Joerg F. Mayer Depuis le d\u00e9but de l&rsquo;ann\u00e9e 2021, Joerg F. Mayer (n\u00e9 en 1974) occupe le poste de directeur g\u00e9n\u00e9ral de HORNGROUP Holding, o\u00f9 il est responsable de l&rsquo;orientation strat\u00e9gique de l&rsquo;ensemble du conglom\u00e9rat, ainsi que de la supervision des finances et de l&rsquo;administration, de l&rsquo;approvisionnement, de la gestion des march\u00e9s [&hellip;]<\/p>\n","protected":false},"author":2,"featured_media":0,"parent":0,"menu_order":0,"comment_status":"closed","ping_status":"closed","template":"template\/full-width-template.php","meta":{"footnotes":""},"class_list":["post-3210","page","type-page","status-publish","hentry"],"_links":{"self":[{"href":"https:\/\/www.the-horngroup.com\/fr\/wp-json\/wp\/v2\/pages\/3210","targetHints":{"allow":["GET"]}}],"collection":[{"href":"https:\/\/www.the-horngroup.com\/fr\/wp-json\/wp\/v2\/pages"}],"about":[{"href":"https:\/\/www.the-horngroup.com\/fr\/wp-json\/wp\/v2\/types\/page"}],"author":[{"embeddable":true,"href":"https:\/\/www.the-horngroup.com\/fr\/wp-json\/wp\/v2\/users\/2"}],"replies":[{"embeddable":true,"href":"https:\/\/www.the-horngroup.com\/fr\/wp-json\/wp\/v2\/comments?post=3210"}],"version-history":[{"count":6,"href":"https:\/\/www.the-horngroup.com\/fr\/wp-json\/wp\/v2\/pages\/3210\/revisions"}],"predecessor-version":[{"id":4647,"href":"https:\/\/www.the-horngroup.com\/fr\/wp-json\/wp\/v2\/pages\/3210\/revisions\/4647"}],"wp:attachment":[{"href":"https:\/\/www.the-horngroup.com\/fr\/wp-json\/wp\/v2\/media?parent=3210"}],"curies":[{"name":"wp","href":"https:\/\/api.w.org\/{rel}","templated":true}]}}