{"id":3238,"date":"2024-02-05T23:47:13","date_gmt":"2024-02-05T23:47:13","guid":{"rendered":"https:\/\/the-horngroup.com\/gouvernance-dentreprise\/"},"modified":"2025-04-11T06:28:43","modified_gmt":"2025-04-11T06:28:43","slug":"gouvernance-dentreprise","status":"publish","type":"page","link":"https:\/\/www.the-horngroup.com\/fr\/gouvernance-dentreprise\/","title":{"rendered":"Gouvernance d&rsquo;entreprise"},"content":{"rendered":"\t\t<div data-elementor-type=\"wp-page\" data-elementor-id=\"3238\" class=\"elementor elementor-3238 elementor-1655\">\n\t\t\t\t\t\t<section class=\"elementor-section elementor-top-section elementor-element elementor-element-f7b4ac6 elementor-section-full_width elementor-section-height-default elementor-section-height-default\" data-id=\"f7b4ac6\" data-element_type=\"section\">\n\t\t\t\t\t\t<div class=\"elementor-container elementor-column-gap-no\">\n\t\t\t\t\t<div class=\"elementor-column elementor-col-100 elementor-top-column elementor-element elementor-element-ba849d4\" data-id=\"ba849d4\" data-element_type=\"column\">\n\t\t\t<div class=\"elementor-widget-wrap elementor-element-populated\">\n\t\t\t\t\t\t<div class=\"elementor-element elementor-element-f505d3d elementor-hidden-tablet elementor-hidden-mobile elementor-widget elementor-widget-induxo-slider\" data-id=\"f505d3d\" data-element_type=\"widget\" data-widget_type=\"induxo-slider.default\">\n\t\t\t\t<div class=\"elementor-widget-container\">\n\t\t\t\t\t\n<div class=\"hero-area owl-carousel owl-theme\" data-controls=\"{&quot;show_nav&quot;:true,&quot;auto_nav_slide&quot;:&quot;&quot;}\">\n    \n      <div class=\"slider-item\" style=\"background-image:url(https:\/\/the-horngroup.com\/wp-content\/uploads\/2024\/04\/web-banner-horngroup-03-French1.png)\">\n        <div class=\"slider-table\">\n            <div class=\"slider-table-cell\">\n                    <div class=\"container\">\n                        <div class=\"row \">\n                            <div class=\"col-lg-7 mx-auto text-center\">\n                            <div class=\"slider-content\">\n                                <small class=\"slider-info\">\n                                                                \n                                <\/small>\n                                <h1 class=\"slider-title\">\n                                                                    <\/h1>\n\n                                                                <div class=\"slider-btn-area\">\n                                <a href=\"\" class=\"btn\">\n                                                                            <\/a>\n                                <\/div>\n                                                            <\/div>\n                            <!-- slider content wrap end -->\n                            <\/div><!-- col end-->\n                            \n                        <\/div><!-- row end-->\n                <\/div>\n                <!-- Container end -->  \n            <\/div>\n        <\/div>\n      <\/div>\n\n        <\/div>\n    \n    \n     \n        \t\t\t\t<\/div>\n\t\t\t\t<\/div>\n\t\t\t\t<div class=\"elementor-element elementor-element-82ef0f6 elementor-widget-mobile__width-inherit elementor-hidden-desktop elementor-widget elementor-widget-induxo-slider\" data-id=\"82ef0f6\" data-element_type=\"widget\" data-widget_type=\"induxo-slider.default\">\n\t\t\t\t<div class=\"elementor-widget-container\">\n\t\t\t\t\t\n<div class=\"hero-area owl-carousel owl-theme\" data-controls=\"{&quot;show_nav&quot;:true,&quot;auto_nav_slide&quot;:&quot;&quot;}\">\n    \n      <div class=\"slider-item\" style=\"background-image:url(https:\/\/the-horngroup.com\/wp-content\/uploads\/2024\/02\/mobile-web-banner-horngroup-07.png)\">\n        <div class=\"slider-table\">\n            <div class=\"slider-table-cell\">\n                    <div class=\"container\">\n                        <div class=\"row \">\n                            <div class=\"col-lg-7 mx-auto text-center\">\n                            <div class=\"slider-content\">\n                                <small class=\"slider-info\">\n                                                                \n                                <\/small>\n                                <h1 class=\"slider-title\">\n                                                                    <\/h1>\n\n                                                                <div class=\"slider-btn-area\">\n                                <a href=\"\" class=\"btn\">\n                                                                            <\/a>\n                                <\/div>\n                                                            <\/div>\n                            <!-- slider content wrap end -->\n                            <\/div><!-- col end-->\n                            \n                        <\/div><!-- row end-->\n                <\/div>\n                <!-- Container end -->  \n            <\/div>\n        <\/div>\n      <\/div>\n\n        <\/div>\n    \n    \n     \n        \t\t\t\t<\/div>\n\t\t\t\t<\/div>\n\t\t\t\t\t<\/div>\n\t\t<\/div>\n\t\t\t\t\t<\/div>\n\t\t<\/section>\n\t\t\t\t<section class=\"elementor-section elementor-top-section elementor-element elementor-element-1f79ff2 elementor-section-full_width elementor-section-height-default elementor-section-height-default\" data-id=\"1f79ff2\" data-element_type=\"section\">\n\t\t\t\t\t\t<div class=\"elementor-container elementor-column-gap-default\">\n\t\t\t\t\t<div class=\"elementor-column elementor-col-33 elementor-top-column elementor-element elementor-element-6d46def\" data-id=\"6d46def\" data-element_type=\"column\" id=\"speakupleftimage\" data-settings=\"{&quot;background_background&quot;:&quot;classic&quot;}\">\n\t\t\t<div class=\"elementor-widget-wrap elementor-element-populated\">\n\t\t\t\t\t\t<div class=\"elementor-element elementor-element-df3386d elementor-align-left elementor-widget elementor-widget-button\" data-id=\"df3386d\" data-element_type=\"widget\" id=\"fkbtn\" data-widget_type=\"button.default\">\n\t\t\t\t<div class=\"elementor-widget-container\">\n\t\t\t\t\t\t\t\t\t<div class=\"elementor-button-wrapper\">\n\t\t\t\t\t<a class=\"elementor-button elementor-button-link elementor-size-md\" href=\"#\">\n\t\t\t\t\t\t<span class=\"elementor-button-content-wrapper\">\n\t\t\t\t\t\t\t\t\t<span class=\"elementor-button-text\">T\u00e9l\u00e9charger<\/span>\n\t\t\t\t\t<\/span>\n\t\t\t\t\t<\/a>\n\t\t\t\t<\/div>\n\t\t\t\t\t\t\t\t<\/div>\n\t\t\t\t<\/div>\n\t\t\t\t\t<\/div>\n\t\t<\/div>\n\t\t\t\t<div class=\"elementor-column elementor-col-33 elementor-top-column elementor-element elementor-element-3bb2aed\" data-id=\"3bb2aed\" data-element_type=\"column\" id=\"crprtxt\">\n\t\t\t<div class=\"elementor-widget-wrap elementor-element-populated\">\n\t\t\t\t\t\t<div class=\"elementor-element elementor-element-0c3f136 elementor-widget elementor-widget-induxo-title\" data-id=\"0c3f136\" data-element_type=\"widget\" id=\"hdrs\" data-widget_type=\"induxo-title.default\">\n\t\t\t\t<div class=\"elementor-widget-container\">\n\t\t\t\t\t         <div class=\"section-heading-content\">\n                     <h2 class=\"section-title title-\">\n                 Syst\u00e8me de rapport  <span>SpeakUp<\/span> <\/br>S\u00e9curis\u00e9 et anonyme            <\/h2>\n         <\/div><!-- Section title -->\t\t\n         \n\n     \n    \t\t\t\t<\/div>\n\t\t\t\t<\/div>\n\t\t\t\t<div class=\"elementor-element elementor-element-8512887 elementor-widget elementor-widget-text-editor\" data-id=\"8512887\" data-element_type=\"widget\" data-widget_type=\"text-editor.default\">\n\t\t\t\t<div class=\"elementor-widget-container\">\n\t\t\t\t\t\t\t\t\t<p>Le syst\u00e8me de signalement \u00ab\u00a0SpeakUp\u00a0\u00bb est une plateforme s\u00fbre, s\u00e9curis\u00e9e et ind\u00e9pendante permettant aux employ\u00e9s, aux partenaires commerciaux et aux tiers de pr\u00e9venir les comportements irr\u00e9guliers &#8211; intentionnels ou non &#8211; \u00e0 un stade pr\u00e9coce. Les signalements peuvent \u00eatre faits de mani\u00e8re confidentielle et anonyme si on le souhaite. Le signalement pr\u00e9coce des violations des dispositions l\u00e9gales et des directives internes contribue \u00e0 pr\u00e9venir les dommages caus\u00e9s au HORNGROUP et \u00e0 ses entit\u00e9s, ainsi qu&rsquo;\u00e0 l\u00e9gitimer et \u00e0 renforcer la confiance qui nous est t\u00e9moign\u00e9e \u00e0 long terme.<\/p><p>Vous trouverez ici les informations relatives \u00e0 la protection de la vie priv\u00e9e pour <strong><a href=\"https:\/\/the-horngroup.com\/wp-content\/uploads\/2024\/04\/Privacy_information_whistleblowers.pdf\" target=\"_blank\" rel=\"noopener\">des d\u00e9nonciateurs <\/a> <\/strong>et les<strong><a href=\"https:\/\/the-horngroup.com\/wp-content\/uploads\/2024\/04\/Privacy_information_parties_involved.pdf\" target=\"_blank\" rel=\"noopener\"> des parties concern\u00e9es<\/a><\/strong>.<\/p><p>Les d\u00e9nonciateurs sont des personnes qui utilisent le syst\u00e8me de signalement SpeakUp pour soumettre des rapports, tandis que les parties impliqu\u00e9es comprennent des personnes telles que les accus\u00e9s, les t\u00e9moins ou les victimes pour lesquelles le d\u00e9nonciateur intervient.<\/p><h3>Documents Parlons-en<\/h3><p><strong><a href=\"https:\/\/www.the-horngroup.com\/wp-content\/uploads\/2025\/04\/20250409_SpeakUp-Guide-Pratique.pdf\" target=\"_blank\" rel=\"noopener\">Guide Parlons-en (PDF)<\/a><\/strong><br \/><a href=\"https:\/\/www.the-horngroup.com\/wp-content\/uploads\/2025\/04\/20250409_SpeakUp-FAQ-FR.pdf\" target=\"_blank\" rel=\"noopener\"><strong>FAQ sur SpeakUp (PDF)<\/strong><\/a><\/p><h3>SpeakUp pour les rapports<\/h3><p><a href=\"https:\/\/www.speakupfeedback.eu\/web\/horn\/de\" target=\"_blank\" rel=\"noopener\"><strong>Allemagne<\/strong><\/a><br \/><a href=\"https:\/\/www.speakupfeedback.eu\/web\/horn\/cn\" target=\"_blank\" rel=\"noopener\"><strong>Chine<\/strong><\/a><br \/><a href=\"https:\/\/www.speakupfeedback.eu\/web\/horn\/in\" target=\"_blank\" rel=\"noopener\"><strong>Inde<\/strong><\/a><br \/><a href=\"https:\/\/www.speakupfeedback.eu\/web\/horn\/gb\" target=\"_blank\" rel=\"noopener\"><strong>Royaume-Uni<\/strong><\/a><br \/><a href=\"https:\/\/www.speakupfeedback.eu\/web\/horn\/us\" target=\"_blank\" rel=\"noopener\"><strong>Etats-Unis d&rsquo;Am\u00e9rique<\/strong><\/a><\/p>\t\t\t\t\t\t\t\t<\/div>\n\t\t\t\t<\/div>\n\t\t\t\t\t<\/div>\n\t\t<\/div>\n\t\t\t\t<div class=\"elementor-column elementor-col-33 elementor-top-column elementor-element elementor-element-ebeaaa0\" data-id=\"ebeaaa0\" data-element_type=\"column\">\n\t\t\t<div class=\"elementor-widget-wrap\">\n\t\t\t\t\t\t\t<\/div>\n\t\t<\/div>\n\t\t\t\t\t<\/div>\n\t\t<\/section>\n\t\t\t\t<\/div>\n\t\t","protected":false},"excerpt":{"rendered":"<p>T\u00e9l\u00e9charger Syst\u00e8me de rapport SpeakUp S\u00e9curis\u00e9 et anonyme Le syst\u00e8me de signalement \u00ab\u00a0SpeakUp\u00a0\u00bb est une plateforme s\u00fbre, s\u00e9curis\u00e9e et ind\u00e9pendante permettant aux employ\u00e9s, aux partenaires commerciaux et aux tiers de pr\u00e9venir les comportements irr\u00e9guliers &#8211; intentionnels ou non &#8211; \u00e0 un stade pr\u00e9coce. Les signalements peuvent \u00eatre faits de mani\u00e8re confidentielle et anonyme si on [&hellip;]<\/p>\n","protected":false},"author":2,"featured_media":0,"parent":0,"menu_order":0,"comment_status":"closed","ping_status":"closed","template":"template\/full-width-template.php","meta":{"footnotes":""},"class_list":["post-3238","page","type-page","status-publish","hentry"],"_links":{"self":[{"href":"https:\/\/www.the-horngroup.com\/fr\/wp-json\/wp\/v2\/pages\/3238","targetHints":{"allow":["GET"]}}],"collection":[{"href":"https:\/\/www.the-horngroup.com\/fr\/wp-json\/wp\/v2\/pages"}],"about":[{"href":"https:\/\/www.the-horngroup.com\/fr\/wp-json\/wp\/v2\/types\/page"}],"author":[{"embeddable":true,"href":"https:\/\/www.the-horngroup.com\/fr\/wp-json\/wp\/v2\/users\/2"}],"replies":[{"embeddable":true,"href":"https:\/\/www.the-horngroup.com\/fr\/wp-json\/wp\/v2\/comments?post=3238"}],"version-history":[{"count":3,"href":"https:\/\/www.the-horngroup.com\/fr\/wp-json\/wp\/v2\/pages\/3238\/revisions"}],"predecessor-version":[{"id":4624,"href":"https:\/\/www.the-horngroup.com\/fr\/wp-json\/wp\/v2\/pages\/3238\/revisions\/4624"}],"wp:attachment":[{"href":"https:\/\/www.the-horngroup.com\/fr\/wp-json\/wp\/v2\/media?parent=3238"}],"curies":[{"name":"wp","href":"https:\/\/api.w.org\/{rel}","templated":true}]}}